{"id":7015,"date":"2016-10-06T14:10:53","date_gmt":"2016-10-06T14:10:53","guid":{"rendered":"http:\/\/savory.elated-themes.com\/?post_type=product&amp;p=7015"},"modified":"2016-10-06T14:10:53","modified_gmt":"2016-10-06T14:10:53","slug":"best-steak","status":"publish","type":"product","link":"https:\/\/latableedetillac.fr\/index.php\/produit\/best-steak\/","title":{"rendered":"Best Steak"},"content":{"rendered":"<section class=\"wpb-content-wrapper\"><p>[vc_row][vc_column][vc_column_text]Lorem ipsum dolor sit amet, consectetur adipiscing elit, sed do eiusmod tempor incididunt ut labore et dolore magna aliqua. Ut enim ad minim veniam, quis nostrud exercitation ullamco laboris nisi ut aliquip ex ea commodo consequat. Duis aute irure dolor in reprehenderit in voluptate velit esse cillum.\u00a0Sed ut perspiciatis unde omnis iste natus error voluptatem accusantium doloremque.[\/vc_column_text][\/vc_column][\/vc_row]<\/p>\n<\/section>","protected":false},"excerpt":{"rendered":"<p>Sed ut perspiciatis unde omnis iste natus error sit voluptatem accusantium doloremque lauatium. \u00a0Sed ut perspiciatis unde \u00a0Sed ut perspiciatis unde<\/p>\n","protected":false},"featured_media":0,"comment_status":"open","ping_status":"closed","template":"","meta":[],"product_brand":[],"product_cat":[66],"product_tag":[67,86],"class_list":{"0":"post-7015","1":"product","2":"type-product","3":"status-publish","5":"product_cat-food","6":"product_tag-food","7":"product_tag-recipe","9":"first","10":"instock","11":"shipping-taxable","12":"purchasable","13":"product-type-simple"},"yoast_head":"<!-- This site is optimized with the Yoast SEO plugin v24.6 - https:\/\/yoast.com\/wordpress\/plugins\/seo\/ -->\n<title>Best Steak - La Table de Tillac<\/title>\n<meta name=\"robots\" content=\"index, follow, max-snippet:-1, max-image-preview:large, max-video-preview:-1\" \/>\n<link rel=\"canonical\" href=\"https:\/\/latableedetillac.fr\/index.php\/produit\/best-steak\/\" \/>\n<meta property=\"og:locale\" content=\"fr_FR\" \/>\n<meta property=\"og:type\" content=\"article\" \/>\n<meta property=\"og:title\" content=\"Best Steak - La Table de Tillac\" \/>\n<meta property=\"og:description\" content=\"Sed ut perspiciatis unde omnis iste natus error sit voluptatem accusantium doloremque lauatium. \u00a0Sed ut perspiciatis unde \u00a0Sed ut perspiciatis unde\" \/>\n<meta property=\"og:url\" content=\"https:\/\/latableedetillac.fr\/index.php\/produit\/best-steak\/\" \/>\n<meta property=\"og:site_name\" content=\"La Table de Tillac\" \/>\n<meta property=\"article:publisher\" content=\"https:\/\/www.facebook.com\/profile.php?id=100094270251892\" \/>\n<meta property=\"og:image\" content=\"https:\/\/latableedetillac.fr\/wp-content\/uploads\/2016\/04\/product11.jpg\" \/>\n\t<meta property=\"og:image:width\" content=\"768\" \/>\n\t<meta property=\"og:image:height\" content=\"768\" \/>\n\t<meta property=\"og:image:type\" content=\"image\/jpeg\" \/>\n<meta name=\"twitter:card\" content=\"summary_large_image\" \/>\n<script type=\"application\/ld+json\" class=\"yoast-schema-graph\">{\"@context\":\"https:\/\/schema.org\",\"@graph\":[{\"@type\":\"WebPage\",\"@id\":\"https:\/\/latableedetillac.fr\/index.php\/produit\/best-steak\/\",\"url\":\"https:\/\/latableedetillac.fr\/index.php\/produit\/best-steak\/\",\"name\":\"Best Steak - La Table de Tillac\",\"isPartOf\":{\"@id\":\"https:\/\/latableedetillac.fr\/#website\"},\"datePublished\":\"2016-10-06T14:10:53+00:00\",\"breadcrumb\":{\"@id\":\"https:\/\/latableedetillac.fr\/index.php\/produit\/best-steak\/#breadcrumb\"},\"inLanguage\":\"fr-FR\",\"potentialAction\":[{\"@type\":\"ReadAction\",\"target\":[\"https:\/\/latableedetillac.fr\/index.php\/produit\/best-steak\/\"]}]},{\"@type\":\"BreadcrumbList\",\"@id\":\"https:\/\/latableedetillac.fr\/index.php\/produit\/best-steak\/#breadcrumb\",\"itemListElement\":[{\"@type\":\"ListItem\",\"position\":1,\"name\":\"Accueil\",\"item\":\"https:\/\/latableedetillac.fr\/\"},{\"@type\":\"ListItem\",\"position\":2,\"name\":\"Produits\",\"item\":\"https:\/\/latableedetillac.fr\/index.php\/boutique__trashed\/\"},{\"@type\":\"ListItem\",\"position\":3,\"name\":\"Best Steak\"}]},{\"@type\":\"WebSite\",\"@id\":\"https:\/\/latableedetillac.fr\/#website\",\"url\":\"https:\/\/latableedetillac.fr\/\",\"name\":\"latableedetillac.fr\",\"description\":\"Dans une ancienne b\u00e2tisse gersoise r\u00e9nov\u00e9e, venez d\u00e9couvrir une cuisine cr\u00e9ative, alliant des produits locaux, de saison \u00e0 une belle s\u00e9lection de vins.\",\"publisher\":{\"@id\":\"https:\/\/latableedetillac.fr\/#organization\"},\"potentialAction\":[{\"@type\":\"SearchAction\",\"target\":{\"@type\":\"EntryPoint\",\"urlTemplate\":\"https:\/\/latableedetillac.fr\/?s={search_term_string}\"},\"query-input\":{\"@type\":\"PropertyValueSpecification\",\"valueRequired\":true,\"valueName\":\"search_term_string\"}}],\"inLanguage\":\"fr-FR\"},{\"@type\":\"Organization\",\"@id\":\"https:\/\/latableedetillac.fr\/#organization\",\"name\":\"La Table de Tillac\",\"url\":\"https:\/\/latableedetillac.fr\/\",\"logo\":{\"@type\":\"ImageObject\",\"inLanguage\":\"fr-FR\",\"@id\":\"https:\/\/latableedetillac.fr\/#\/schema\/logo\/image\/\",\"url\":\"https:\/\/latableedetillac.fr\/wp-content\/uploads\/2025\/06\/LTDT-Logo-vpanneaux-125x180.ai_.png\",\"contentUrl\":\"https:\/\/latableedetillac.fr\/wp-content\/uploads\/2025\/06\/LTDT-Logo-vpanneaux-125x180.ai_.png\",\"width\":1080,\"height\":1080,\"caption\":\"La Table de Tillac\"},\"image\":{\"@id\":\"https:\/\/latableedetillac.fr\/#\/schema\/logo\/image\/\"},\"sameAs\":[\"https:\/\/www.facebook.com\/profile.php?id=100094270251892\",\"https:\/\/www.instagram.com\/la.table.de.tillac\/\"]}]}<\/script>\n<!-- \/ Yoast SEO plugin. -->","yoast_head_json":{"title":"Best Steak - La Table de Tillac","robots":{"index":"index","follow":"follow","max-snippet":"max-snippet:-1","max-image-preview":"max-image-preview:large","max-video-preview":"max-video-preview:-1"},"canonical":"https:\/\/latableedetillac.fr\/index.php\/produit\/best-steak\/","og_locale":"fr_FR","og_type":"article","og_title":"Best Steak - La Table de Tillac","og_description":"Sed ut perspiciatis unde omnis iste natus error sit voluptatem accusantium doloremque lauatium. \u00a0Sed ut perspiciatis unde \u00a0Sed ut perspiciatis unde","og_url":"https:\/\/latableedetillac.fr\/index.php\/produit\/best-steak\/","og_site_name":"La Table de Tillac","article_publisher":"https:\/\/www.facebook.com\/profile.php?id=100094270251892","og_image":[{"width":768,"height":768,"url":"https:\/\/latableedetillac.fr\/wp-content\/uploads\/2016\/04\/product11.jpg","type":"image\/jpeg"}],"twitter_card":"summary_large_image","schema":{"@context":"https:\/\/schema.org","@graph":[{"@type":"WebPage","@id":"https:\/\/latableedetillac.fr\/index.php\/produit\/best-steak\/","url":"https:\/\/latableedetillac.fr\/index.php\/produit\/best-steak\/","name":"Best Steak - La Table de Tillac","isPartOf":{"@id":"https:\/\/latableedetillac.fr\/#website"},"datePublished":"2016-10-06T14:10:53+00:00","breadcrumb":{"@id":"https:\/\/latableedetillac.fr\/index.php\/produit\/best-steak\/#breadcrumb"},"inLanguage":"fr-FR","potentialAction":[{"@type":"ReadAction","target":["https:\/\/latableedetillac.fr\/index.php\/produit\/best-steak\/"]}]},{"@type":"BreadcrumbList","@id":"https:\/\/latableedetillac.fr\/index.php\/produit\/best-steak\/#breadcrumb","itemListElement":[{"@type":"ListItem","position":1,"name":"Accueil","item":"https:\/\/latableedetillac.fr\/"},{"@type":"ListItem","position":2,"name":"Produits","item":"https:\/\/latableedetillac.fr\/index.php\/boutique__trashed\/"},{"@type":"ListItem","position":3,"name":"Best Steak"}]},{"@type":"WebSite","@id":"https:\/\/latableedetillac.fr\/#website","url":"https:\/\/latableedetillac.fr\/","name":"latableedetillac.fr","description":"Dans une ancienne b\u00e2tisse gersoise r\u00e9nov\u00e9e, venez d\u00e9couvrir une cuisine cr\u00e9ative, alliant des produits locaux, de saison \u00e0 une belle s\u00e9lection de vins.","publisher":{"@id":"https:\/\/latableedetillac.fr\/#organization"},"potentialAction":[{"@type":"SearchAction","target":{"@type":"EntryPoint","urlTemplate":"https:\/\/latableedetillac.fr\/?s={search_term_string}"},"query-input":{"@type":"PropertyValueSpecification","valueRequired":true,"valueName":"search_term_string"}}],"inLanguage":"fr-FR"},{"@type":"Organization","@id":"https:\/\/latableedetillac.fr\/#organization","name":"La Table de Tillac","url":"https:\/\/latableedetillac.fr\/","logo":{"@type":"ImageObject","inLanguage":"fr-FR","@id":"https:\/\/latableedetillac.fr\/#\/schema\/logo\/image\/","url":"https:\/\/latableedetillac.fr\/wp-content\/uploads\/2025\/06\/LTDT-Logo-vpanneaux-125x180.ai_.png","contentUrl":"https:\/\/latableedetillac.fr\/wp-content\/uploads\/2025\/06\/LTDT-Logo-vpanneaux-125x180.ai_.png","width":1080,"height":1080,"caption":"La Table de Tillac"},"image":{"@id":"https:\/\/latableedetillac.fr\/#\/schema\/logo\/image\/"},"sameAs":["https:\/\/www.facebook.com\/profile.php?id=100094270251892","https:\/\/www.instagram.com\/la.table.de.tillac\/"]}]}},"jetpack-related-posts":[],"jetpack_sharing_enabled":true,"_links":{"self":[{"href":"https:\/\/latableedetillac.fr\/index.php\/wp-json\/wp\/v2\/product\/7015","targetHints":{"allow":["GET"]}}],"collection":[{"href":"https:\/\/latableedetillac.fr\/index.php\/wp-json\/wp\/v2\/product"}],"about":[{"href":"https:\/\/latableedetillac.fr\/index.php\/wp-json\/wp\/v2\/types\/product"}],"replies":[{"embeddable":true,"href":"https:\/\/latableedetillac.fr\/index.php\/wp-json\/wp\/v2\/comments?post=7015"}],"wp:attachment":[{"href":"https:\/\/latableedetillac.fr\/index.php\/wp-json\/wp\/v2\/media?parent=7015"}],"wp:term":[{"taxonomy":"product_brand","embeddable":true,"href":"https:\/\/latableedetillac.fr\/index.php\/wp-json\/wp\/v2\/product_brand?post=7015"},{"taxonomy":"product_cat","embeddable":true,"href":"https:\/\/latableedetillac.fr\/index.php\/wp-json\/wp\/v2\/product_cat?post=7015"},{"taxonomy":"product_tag","embeddable":true,"href":"https:\/\/latableedetillac.fr\/index.php\/wp-json\/wp\/v2\/product_tag?post=7015"}],"curies":[{"name":"wp","href":"https:\/\/api.w.org\/{rel}","templated":true}]}}