{"id":8910,"date":"2024-11-30T08:48:04","date_gmt":"2024-11-30T07:48:04","guid":{"rendered":"https:\/\/latableedetillac.fr\/?page_id=8910"},"modified":"2024-11-30T09:13:01","modified_gmt":"2024-11-30T08:13:01","slug":"my-shoop-store","status":"publish","type":"page","link":"https:\/\/latableedetillac.fr\/index.php\/my-shoop-store\/","title":{"rendered":"Bons cadeaux"},"content":{"rendered":"<section class=\"wpb-content-wrapper\"><p>[vc_row][vc_column][vc_column_text]<\/p>\n<h2 style=\"text-align: center;\">Psst !!! Faites plaisirs \u00e0 vos proches<\/h2>\n<h6 style=\"text-align: center;\">Quoi de mieux pour les f\u00eates de fin d&rsquo;ann\u00e9es que d&rsquo;offrir des moments conviviaux, savoureux et uniques \u00e0 vos proches.<\/h6>\n<h6 style=\"text-align: center;\">La Tabl\u00e9e De Tillac \u00e0 pens\u00e9 \u00e0 vous et vous propose plusieurs bons cadeaux avec plusieurs formules. A offrir sans mod\u00e9ration !<\/h6>\n<p>[\/vc_column_text][\/vc_column][\/vc_row][vc_row][vc_column][vc_empty_space height=\u00a0\u00bb50px\u00a0\u00bb][\/vc_column][\/vc_row][vc_row][vc_column][vc_column_text]<\/p>\n<h6 style=\"text-align: center;\">Pour y acc\u00e9der cliquer sur bouton ci-dessous, il vous emm\u00e8nera sur la page web s\u00e9curis\u00e9 de notre partenaire pour l&rsquo;occasion afin que vous fassiez vos achats en toute s\u00e9r\u00e9nit\u00e9.<\/h6>\n<h6><\/h6>\n<p>[\/vc_column_text][vc_btn title=\u00a0\u00bbBon cadeau\u00a0\u00bb style=\u00a0\u00bbcustom\u00a0\u00bb custom_background=\u00a0\u00bb#ed0909&Prime; custom_text=\u00a0\u00bb#f7f7f7&Prime; shape=\u00a0\u00bbsquare\u00a0\u00bb size=\u00a0\u00bblg\u00a0\u00bb align=\u00a0\u00bbcenter\u00a0\u00bb css_animation=\u00a0\u00bbbounceInUp\u00a0\u00bb button_block=\u00a0\u00bbtrue\u00a0\u00bb link=\u00a0\u00bburl:https%3A%2F%2Fla-tableede-tillac.my-shoop.store%2F|title:Bon%20cadeaux%20|target:_blank\u00a0\u00bb][\/vc_column][\/vc_row][vc_row][vc_column][vc_empty_space height=\u00a0\u00bb50px\u00a0\u00bb][\/vc_column][\/vc_row][vc_row][vc_column][vc_single_image image=\u00a0\u00bb8919&Prime; img_size=\u00a0\u00bblarge\u00a0\u00bb alignment=\u00a0\u00bbcenter\u00a0\u00bb][\/vc_column][\/vc_row][vc_row][vc_column][vc_empty_space height=\u00a0\u00bb50px\u00a0\u00bb][\/vc_column][\/vc_row]<\/p>\n<\/section>","protected":false},"excerpt":{"rendered":"<p>[vc_row][vc_column][vc_column_text] Psst !!! Faites plaisirs \u00e0 vos proches Quoi de mieux pour les f\u00eates de fin d&rsquo;ann\u00e9es que d&rsquo;offrir des moments conviviaux, savoureux et uniques \u00e0 vos proches. La Tabl\u00e9e De Tillac \u00e0 pens\u00e9 \u00e0 vous et vous propose plusieurs bons cadeaux avec plusieurs formules&#8230;.<\/p>\n","protected":false},"author":1,"featured_media":8922,"parent":0,"menu_order":0,"comment_status":"closed","ping_status":"closed","template":"","meta":{"footnotes":""},"class_list":["post-8910","page","type-page","status-publish","has-post-thumbnail","hentry"],"yoast_head":"<!-- This site is optimized with the Yoast SEO plugin v24.6 - https:\/\/yoast.com\/wordpress\/plugins\/seo\/ -->\n<title>Bons cadeaux - La Table de Tillac<\/title>\n<meta name=\"robots\" content=\"index, follow, max-snippet:-1, max-image-preview:large, max-video-preview:-1\" \/>\n<link rel=\"canonical\" href=\"https:\/\/latableedetillac.fr\/index.php\/my-shoop-store\/\" \/>\n<meta property=\"og:locale\" content=\"fr_FR\" \/>\n<meta property=\"og:type\" content=\"article\" \/>\n<meta property=\"og:title\" content=\"Bons cadeaux - La Table de Tillac\" \/>\n<meta property=\"og:description\" content=\"[vc_row][vc_column][vc_column_text] Psst !!! Faites plaisirs \u00e0 vos proches Quoi de mieux pour les f\u00eates de fin d&rsquo;ann\u00e9es que d&rsquo;offrir des moments conviviaux, savoureux et uniques \u00e0 vos proches. La Tabl\u00e9e De Tillac \u00e0 pens\u00e9 \u00e0 vous et vous propose plusieurs bons cadeaux avec plusieurs formules....\" \/>\n<meta property=\"og:url\" content=\"https:\/\/latableedetillac.fr\/index.php\/my-shoop-store\/\" \/>\n<meta property=\"og:site_name\" content=\"La Table de Tillac\" \/>\n<meta property=\"article:publisher\" content=\"https:\/\/www.facebook.com\/profile.php?id=100094270251892\" \/>\n<meta property=\"article:modified_time\" content=\"2024-11-30T08:13:01+00:00\" \/>\n<meta property=\"og:image\" content=\"https:\/\/latableedetillac.fr\/wp-content\/uploads\/2024\/11\/DSC_7504-copie-scaled.jpg\" \/>\n\t<meta property=\"og:image:width\" content=\"2560\" \/>\n\t<meta property=\"og:image:height\" content=\"1703\" \/>\n\t<meta property=\"og:image:type\" content=\"image\/jpeg\" \/>\n<meta name=\"twitter:card\" content=\"summary_large_image\" \/>\n<meta name=\"twitter:label1\" content=\"Dur\u00e9e de lecture estim\u00e9e\" \/>\n\t<meta name=\"twitter:data1\" content=\"1 minute\" \/>\n<script type=\"application\/ld+json\" class=\"yoast-schema-graph\">{\"@context\":\"https:\/\/schema.org\",\"@graph\":[{\"@type\":\"WebPage\",\"@id\":\"https:\/\/latableedetillac.fr\/index.php\/my-shoop-store\/\",\"url\":\"https:\/\/latableedetillac.fr\/index.php\/my-shoop-store\/\",\"name\":\"Bons cadeaux - La Table de Tillac\",\"isPartOf\":{\"@id\":\"https:\/\/latableedetillac.fr\/#website\"},\"primaryImageOfPage\":{\"@id\":\"https:\/\/latableedetillac.fr\/index.php\/my-shoop-store\/#primaryimage\"},\"image\":{\"@id\":\"https:\/\/latableedetillac.fr\/index.php\/my-shoop-store\/#primaryimage\"},\"thumbnailUrl\":\"https:\/\/latableedetillac.fr\/wp-content\/uploads\/2024\/11\/DSC_7504-copie-scaled.jpg\",\"datePublished\":\"2024-11-30T07:48:04+00:00\",\"dateModified\":\"2024-11-30T08:13:01+00:00\",\"breadcrumb\":{\"@id\":\"https:\/\/latableedetillac.fr\/index.php\/my-shoop-store\/#breadcrumb\"},\"inLanguage\":\"fr-FR\",\"potentialAction\":[{\"@type\":\"ReadAction\",\"target\":[\"https:\/\/latableedetillac.fr\/index.php\/my-shoop-store\/\"]}]},{\"@type\":\"ImageObject\",\"inLanguage\":\"fr-FR\",\"@id\":\"https:\/\/latableedetillac.fr\/index.php\/my-shoop-store\/#primaryimage\",\"url\":\"https:\/\/latableedetillac.fr\/wp-content\/uploads\/2024\/11\/DSC_7504-copie-scaled.jpg\",\"contentUrl\":\"https:\/\/latableedetillac.fr\/wp-content\/uploads\/2024\/11\/DSC_7504-copie-scaled.jpg\",\"width\":2560,\"height\":1703},{\"@type\":\"BreadcrumbList\",\"@id\":\"https:\/\/latableedetillac.fr\/index.php\/my-shoop-store\/#breadcrumb\",\"itemListElement\":[{\"@type\":\"ListItem\",\"position\":1,\"name\":\"Accueil\",\"item\":\"https:\/\/latableedetillac.fr\/\"},{\"@type\":\"ListItem\",\"position\":2,\"name\":\"Bons cadeaux\"}]},{\"@type\":\"WebSite\",\"@id\":\"https:\/\/latableedetillac.fr\/#website\",\"url\":\"https:\/\/latableedetillac.fr\/\",\"name\":\"latableedetillac.fr\",\"description\":\"Dans une ancienne b\u00e2tisse gersoise r\u00e9nov\u00e9e, venez d\u00e9couvrir une cuisine cr\u00e9ative, alliant des produits locaux, de saison \u00e0 une belle s\u00e9lection de vins.\",\"publisher\":{\"@id\":\"https:\/\/latableedetillac.fr\/#organization\"},\"potentialAction\":[{\"@type\":\"SearchAction\",\"target\":{\"@type\":\"EntryPoint\",\"urlTemplate\":\"https:\/\/latableedetillac.fr\/?s={search_term_string}\"},\"query-input\":{\"@type\":\"PropertyValueSpecification\",\"valueRequired\":true,\"valueName\":\"search_term_string\"}}],\"inLanguage\":\"fr-FR\"},{\"@type\":\"Organization\",\"@id\":\"https:\/\/latableedetillac.fr\/#organization\",\"name\":\"La Table de Tillac\",\"url\":\"https:\/\/latableedetillac.fr\/\",\"logo\":{\"@type\":\"ImageObject\",\"inLanguage\":\"fr-FR\",\"@id\":\"https:\/\/latableedetillac.fr\/#\/schema\/logo\/image\/\",\"url\":\"https:\/\/latableedetillac.fr\/wp-content\/uploads\/2025\/06\/LTDT-Logo-vpanneaux-125x180.ai_.png\",\"contentUrl\":\"https:\/\/latableedetillac.fr\/wp-content\/uploads\/2025\/06\/LTDT-Logo-vpanneaux-125x180.ai_.png\",\"width\":1080,\"height\":1080,\"caption\":\"La Table de Tillac\"},\"image\":{\"@id\":\"https:\/\/latableedetillac.fr\/#\/schema\/logo\/image\/\"},\"sameAs\":[\"https:\/\/www.facebook.com\/profile.php?id=100094270251892\",\"https:\/\/www.instagram.com\/la.table.de.tillac\/\"]}]}<\/script>\n<!-- \/ Yoast SEO plugin. -->","yoast_head_json":{"title":"Bons cadeaux - La Table de Tillac","robots":{"index":"index","follow":"follow","max-snippet":"max-snippet:-1","max-image-preview":"max-image-preview:large","max-video-preview":"max-video-preview:-1"},"canonical":"https:\/\/latableedetillac.fr\/index.php\/my-shoop-store\/","og_locale":"fr_FR","og_type":"article","og_title":"Bons cadeaux - La Table de Tillac","og_description":"[vc_row][vc_column][vc_column_text] Psst !!! Faites plaisirs \u00e0 vos proches Quoi de mieux pour les f\u00eates de fin d&rsquo;ann\u00e9es que d&rsquo;offrir des moments conviviaux, savoureux et uniques \u00e0 vos proches. La Tabl\u00e9e De Tillac \u00e0 pens\u00e9 \u00e0 vous et vous propose plusieurs bons cadeaux avec plusieurs formules....","og_url":"https:\/\/latableedetillac.fr\/index.php\/my-shoop-store\/","og_site_name":"La Table de Tillac","article_publisher":"https:\/\/www.facebook.com\/profile.php?id=100094270251892","article_modified_time":"2024-11-30T08:13:01+00:00","og_image":[{"width":2560,"height":1703,"url":"https:\/\/latableedetillac.fr\/wp-content\/uploads\/2024\/11\/DSC_7504-copie-scaled.jpg","type":"image\/jpeg"}],"twitter_card":"summary_large_image","twitter_misc":{"Dur\u00e9e de lecture estim\u00e9e":"1 minute"},"schema":{"@context":"https:\/\/schema.org","@graph":[{"@type":"WebPage","@id":"https:\/\/latableedetillac.fr\/index.php\/my-shoop-store\/","url":"https:\/\/latableedetillac.fr\/index.php\/my-shoop-store\/","name":"Bons cadeaux - La Table de Tillac","isPartOf":{"@id":"https:\/\/latableedetillac.fr\/#website"},"primaryImageOfPage":{"@id":"https:\/\/latableedetillac.fr\/index.php\/my-shoop-store\/#primaryimage"},"image":{"@id":"https:\/\/latableedetillac.fr\/index.php\/my-shoop-store\/#primaryimage"},"thumbnailUrl":"https:\/\/latableedetillac.fr\/wp-content\/uploads\/2024\/11\/DSC_7504-copie-scaled.jpg","datePublished":"2024-11-30T07:48:04+00:00","dateModified":"2024-11-30T08:13:01+00:00","breadcrumb":{"@id":"https:\/\/latableedetillac.fr\/index.php\/my-shoop-store\/#breadcrumb"},"inLanguage":"fr-FR","potentialAction":[{"@type":"ReadAction","target":["https:\/\/latableedetillac.fr\/index.php\/my-shoop-store\/"]}]},{"@type":"ImageObject","inLanguage":"fr-FR","@id":"https:\/\/latableedetillac.fr\/index.php\/my-shoop-store\/#primaryimage","url":"https:\/\/latableedetillac.fr\/wp-content\/uploads\/2024\/11\/DSC_7504-copie-scaled.jpg","contentUrl":"https:\/\/latableedetillac.fr\/wp-content\/uploads\/2024\/11\/DSC_7504-copie-scaled.jpg","width":2560,"height":1703},{"@type":"BreadcrumbList","@id":"https:\/\/latableedetillac.fr\/index.php\/my-shoop-store\/#breadcrumb","itemListElement":[{"@type":"ListItem","position":1,"name":"Accueil","item":"https:\/\/latableedetillac.fr\/"},{"@type":"ListItem","position":2,"name":"Bons cadeaux"}]},{"@type":"WebSite","@id":"https:\/\/latableedetillac.fr\/#website","url":"https:\/\/latableedetillac.fr\/","name":"latableedetillac.fr","description":"Dans une ancienne b\u00e2tisse gersoise r\u00e9nov\u00e9e, venez d\u00e9couvrir une cuisine cr\u00e9ative, alliant des produits locaux, de saison \u00e0 une belle s\u00e9lection de vins.","publisher":{"@id":"https:\/\/latableedetillac.fr\/#organization"},"potentialAction":[{"@type":"SearchAction","target":{"@type":"EntryPoint","urlTemplate":"https:\/\/latableedetillac.fr\/?s={search_term_string}"},"query-input":{"@type":"PropertyValueSpecification","valueRequired":true,"valueName":"search_term_string"}}],"inLanguage":"fr-FR"},{"@type":"Organization","@id":"https:\/\/latableedetillac.fr\/#organization","name":"La Table de Tillac","url":"https:\/\/latableedetillac.fr\/","logo":{"@type":"ImageObject","inLanguage":"fr-FR","@id":"https:\/\/latableedetillac.fr\/#\/schema\/logo\/image\/","url":"https:\/\/latableedetillac.fr\/wp-content\/uploads\/2025\/06\/LTDT-Logo-vpanneaux-125x180.ai_.png","contentUrl":"https:\/\/latableedetillac.fr\/wp-content\/uploads\/2025\/06\/LTDT-Logo-vpanneaux-125x180.ai_.png","width":1080,"height":1080,"caption":"La Table de Tillac"},"image":{"@id":"https:\/\/latableedetillac.fr\/#\/schema\/logo\/image\/"},"sameAs":["https:\/\/www.facebook.com\/profile.php?id=100094270251892","https:\/\/www.instagram.com\/la.table.de.tillac\/"]}]}},"jetpack-related-posts":[],"jetpack_sharing_enabled":true,"_links":{"self":[{"href":"https:\/\/latableedetillac.fr\/index.php\/wp-json\/wp\/v2\/pages\/8910","targetHints":{"allow":["GET"]}}],"collection":[{"href":"https:\/\/latableedetillac.fr\/index.php\/wp-json\/wp\/v2\/pages"}],"about":[{"href":"https:\/\/latableedetillac.fr\/index.php\/wp-json\/wp\/v2\/types\/page"}],"author":[{"embeddable":true,"href":"https:\/\/latableedetillac.fr\/index.php\/wp-json\/wp\/v2\/users\/1"}],"replies":[{"embeddable":true,"href":"https:\/\/latableedetillac.fr\/index.php\/wp-json\/wp\/v2\/comments?post=8910"}],"version-history":[{"count":7,"href":"https:\/\/latableedetillac.fr\/index.php\/wp-json\/wp\/v2\/pages\/8910\/revisions"}],"predecessor-version":[{"id":8923,"href":"https:\/\/latableedetillac.fr\/index.php\/wp-json\/wp\/v2\/pages\/8910\/revisions\/8923"}],"wp:featuredmedia":[{"embeddable":true,"href":"https:\/\/latableedetillac.fr\/index.php\/wp-json\/wp\/v2\/media\/8922"}],"wp:attachment":[{"href":"https:\/\/latableedetillac.fr\/index.php\/wp-json\/wp\/v2\/media?parent=8910"}],"curies":[{"name":"wp","href":"https:\/\/api.w.org\/{rel}","templated":true}]}}