{"id":6532,"date":"2016-10-04T15:09:41","date_gmt":"2016-10-04T15:09:41","guid":{"rendered":"http:\/\/savory.elated-themes.com\/?page_id=6532"},"modified":"2026-04-17T20:44:08","modified_gmt":"2026-04-17T18:44:08","slug":"reservations","status":"publish","type":"page","link":"https:\/\/latableedetillac.fr\/index.php\/reservations\/","title":{"rendered":"Reservations"},"content":{"rendered":"<section class=\"wpb-content-wrapper\"><p>[vc_row content_width=\u00a0\u00bbgrid\u00a0\u00bb content_aligment=\u00a0\u00bbcenter\u00a0\u00bb css=\u00a0\u00bb.vc_custom_1699041087289{padding-top: 95px !important;}\u00a0\u00bb][vc_column offset=\u00a0\u00bbvc_col-lg-offset-3 vc_col-lg-6 vc_col-md-offset-1 vc_col-md-9&Prime;]<div class=\"eltd-section-title-outer-holder\" style=\"text-align: center\">\n\n\t\t\t<div class=\"eltd-section-subtitle-holder\">\n\t\t\t<h5 class=\"eltd-section-subtitle\" style=\";;color: #333333;;;;\">\n\t\t\t\tCr\u00e9atif et inspir\u00e9\t\t\t<\/h5>\n\t\t<\/div>\n\t\n\t\t\t<div class=\"eltd-section-title-title-holder\">\n\t\t\t\t<h2 class=\"eltd-section-title\" style=\";;;;;;;\">\n\t\t\t\tDemande de r\u00e9servation\t\t\t\t<\/h2>\n\t\t<\/div>\n\t\n<\/div>[vc_column_text]<\/p>\n<h4 style=\"text-align: center;\">Un mail vous sera envoy\u00e9 pour confirmer votre demande de r\u00e9servation. Pour les groupes de plus de 6 personnes, merci de nous appeler ou d&rsquo;\u00e9crire un mail.<\/h4>\n<p>[\/vc_column_text][vc_empty_space height=\u00a0\u00bb60px\u00a0\u00bb]<div class=\"eltd-section-title-outer-holder\" style=\"text-align: center\">\n\n\t\t\t<div class=\"eltd-section-subtitle-holder\">\n\t\t\t<h5 class=\"eltd-section-subtitle\" style=\";;;;;;\">\n\t\t\t\tN&#039;h\u00e9sitez pas \u00e0 r\u00e9server \u00e0 une autre date, nous serons ouverts tous les autres jours f\u00e9ri\u00e9s !\t\t\t<\/h5>\n\t\t<\/div>\n\t\n\t\t\t<div class=\"eltd-section-title-title-holder\">\n\t\t\t\t<h3 class=\"eltd-section-title\" style=\";;;;;;;\">\n\t\t\t\tExceptionnellement ferm\u00e9 le vendredi soir 1er mai, samedi 2 mai et dimanche 3 mai\t\t\t\t<\/h3>\n\t\t<\/div>\n\t\n<\/div>[vc_empty_space height=\u00a0\u00bb60px\u00a0\u00bb][vc_column_text]samedi : 19:15\u201320:45<\/p>\n<p>dimanche : 12:00\u201313:30, 19:15\u201320:30<\/p>\n<p>lundi : Ferm\u00e9<\/p>\n<p>mardi : Ferm\u00e9<\/p>\n<p>mercredi : 12:00\u201313:30, 19:15\u201320:45<\/p>\n<p>jeudi : 12:00\u201313:30<\/p>\n<p>vendredi : 12:00\u201313:30, 19:15\u201320:45[\/vc_column_text][vc_empty_space height=\u00a0\u00bb60&Prime;][\/vc_column][\/vc_row][vc_row][vc_column offset=\u00a0\u00bbvc_col-lg-offset-2 vc_col-lg-8 vc_col-md-offset-1 vc_col-md-10 vc_col-sm-offset-1 vc_col-xs-offset-1 vc_col-xs-10&Prime;]\n<div class=\"wpcf7 no-js\" id=\"wpcf7-f5007-o1\" lang=\"en-US\" dir=\"ltr\" data-wpcf7-id=\"5007\">\n<div class=\"screen-reader-response\"><p role=\"status\" aria-live=\"polite\" aria-atomic=\"true\"><\/p> <ul><\/ul><\/div>\n<form action=\"\/index.php\/wp-json\/wp\/v2\/pages\/6532#wpcf7-f5007-o1\" method=\"post\" class=\"wpcf7-form init cf7_custom_style_1\" aria-label=\"Contact form\" novalidate=\"novalidate\" data-status=\"init\">\n<div style=\"display: none;\">\n<input type=\"hidden\" name=\"_wpcf7\" value=\"5007\" \/>\n<input type=\"hidden\" name=\"_wpcf7_version\" value=\"6.0.4\" \/>\n<input type=\"hidden\" name=\"_wpcf7_locale\" value=\"en_US\" \/>\n<input type=\"hidden\" name=\"_wpcf7_unit_tag\" value=\"wpcf7-f5007-o1\" \/>\n<input type=\"hidden\" name=\"_wpcf7_container_post\" value=\"0\" \/>\n<input type=\"hidden\" name=\"_wpcf7_posted_data_hash\" value=\"\" \/>\n<\/div>\n<div class=\"eltd-two-columns-50-50 clearfix\">\n\t<div class=\"eltd-two-columns-50-50-inner\">\n\t\t<div class=\"eltd-column\">\n\t\t\t<div class=\"eltd-column-inner\">\n\t\t\t\t<p><span class=\"wpcf7-form-control-wrap\" data-name=\"first-name\"><input size=\"40\" maxlength=\"400\" class=\"wpcf7-form-control wpcf7-text wpcf7-validates-as-required\" aria-required=\"true\" aria-invalid=\"false\" placeholder=\"Nom*\" value=\"\" type=\"text\" name=\"first-name\" \/><\/span>\n\t\t\t\t<\/p>\n\t\t\t<\/div>\n\t\t<\/div>\n\t\t<div class=\"eltd-column\">\n\t\t\t<div class=\"eltd-column-inner\">\n\t\t\t\t<p><span class=\"wpcf7-form-control-wrap\" data-name=\"telephone\"><input size=\"20\" maxlength=\"30\" class=\"wpcf7-form-control wpcf7-tel wpcf7-validates-as-required wpcf7-text wpcf7-validates-as-tel\" aria-required=\"true\" aria-invalid=\"false\" placeholder=\"T\u00e9l\u00e9phone*\" value=\"\" type=\"tel\" name=\"telephone\" \/><\/span>\n\t\t\t\t<\/p>\n\t\t\t<\/div>\n\t\t<\/div>\n\t<\/div>\n<\/div>\n<div class=\"eltd-two-columns-50-50 clearfix\">\n\t<div class=\"eltd-two-columns-50-50-inner\">\n\t\t<div class=\"eltd-column\">\n\t\t\t<div class=\"eltd-column-inner\">\n\t\t\t\t<p><span class=\"wpcf7-form-control-wrap\" data-name=\"your-date\"><input class=\"wpcf7-form-control wpcf7-date wpcf7-validates-as-required wpcf7-validates-as-date\" min=\"2016-01-01\" max=\"2060-12-31\" aria-required=\"true\" aria-invalid=\"false\" placeholder=\"Date\" value=\"\" type=\"date\" name=\"your-date\" \/><\/span>\n\t\t\t\t<\/p>\n\t\t\t<\/div>\n\t\t<\/div>\n\t\t<div class=\"eltd-column\">\n\t\t\t<div class=\"eltd-column-inner\">\n\t\t\t\t<p><span class=\"wpcf7-form-control-wrap\" data-name=\"time\"><input size=\"40\" maxlength=\"400\" class=\"wpcf7-form-control wpcf7-text wpcf7-validates-as-required\" aria-required=\"true\" aria-invalid=\"false\" placeholder=\"Heure de r\u00e9servation*\" value=\"\" type=\"text\" name=\"time\" \/><\/span>\n\t\t\t\t<\/p>\n\t\t\t<\/div>\n\t\t<\/div>\n\t<\/div>\n<\/div>\n<div class=\"eltd-two-columns-50-50 clearfix\">\n\t<div class=\"eltd-two-columns-50-50-inner\">\n\t\t<div class=\"eltd-column\">\n\t\t\t<div class=\"eltd-column-inner\">\n\t\t\t\t<p><span class=\"wpcf7-form-control-wrap\" data-name=\"seats\"><input class=\"wpcf7-form-control wpcf7-number wpcf7-validates-as-required wpcf7-validates-as-number\" aria-required=\"true\" aria-invalid=\"false\" placeholder=\"Nombre de personne*\" value=\"\" type=\"number\" name=\"seats\" \/><\/span>\n\t\t\t\t<\/p>\n\t\t\t<\/div>\n\t\t<\/div>\n\t\t<div class=\"eltd-column\">\n\t\t\t<div class=\"eltd-column-inner\">\n\t\t\t\t<p><span class=\"wpcf7-form-control-wrap\" data-name=\"email\"><input size=\"40\" maxlength=\"400\" class=\"wpcf7-form-control wpcf7-email wpcf7-validates-as-required wpcf7-text wpcf7-validates-as-email\" aria-required=\"true\" aria-invalid=\"false\" placeholder=\"E-mail*\" value=\"\" type=\"email\" name=\"email\" \/><\/span>\n\t\t\t\t<\/p>\n\t\t\t<\/div>\n\t\t<\/div>\n\t<\/div>\n<\/div>\n<p><span class=\"wpcf7-form-control-wrap\" data-name=\"notes\"><textarea cols=\"40\" rows=\"5\" maxlength=\"2000\" class=\"wpcf7-form-control wpcf7-textarea\" aria-invalid=\"false\" placeholder=\"Notes\" name=\"notes\"><\/textarea><\/span>\n<\/p>\n<p><input class=\"wpcf7-form-control wpcf7-submit has-spinner\" type=\"submit\" value=\"RESERVER\" \/>\n<\/p><p style=\"display: none !important;\" class=\"akismet-fields-container\" data-prefix=\"_wpcf7_ak_\"><label>&#916;<textarea name=\"_wpcf7_ak_hp_textarea\" cols=\"45\" rows=\"8\" maxlength=\"100\"><\/textarea><\/label><input type=\"hidden\" id=\"ak_js_1\" name=\"_wpcf7_ak_js\" value=\"194\"\/><script>document.getElementById( \"ak_js_1\" ).setAttribute( \"value\", ( new Date() ).getTime() );<\/script><\/p><input type='hidden' class='wpcf7-pum' value='{\"closepopup\":false,\"closedelay\":0,\"openpopup\":false,\"openpopup_id\":0}' \/><div class=\"wpcf7-response-output\" aria-hidden=\"true\"><\/div>\n<\/form>\n<\/div>\n[\/vc_column][\/vc_row][vc_row disable_element=\u00a0\u00bbyes\u00a0\u00bb content_width=\u00a0\u00bbgrid\u00a0\u00bb css=\u00a0\u00bb.vc_custom_1738327982105{padding-top: 60px !important;}\u00a0\u00bb][vc_column]<div class=\"eltd-rf-holder \">\n\t\t\t<form class=\"eltd-rf\" target=\"_blank\" action=\"http:\/\/www.opentable.com\/restaurant-search.aspx\" name=\"eltd-rf\">\n\t\t\t<div class=\"eltd-rf-row clearfix\">\n\t\t\t\t<div class=\"eltd-rf-col-holder\">\n\t\t\t\t\t<div class=\"eltd-rf-field-holder clearfix\">\n\t\t\t\t\t\t<select name=\"partySize\" class=\"eltd-ot-people\">\n\t\t\t\t\t\t\t<option value=\"1\">1 Person<\/option>\n\t\t\t\t\t\t\t<option value=\"2\">2 People<\/option>\n\t\t\t\t\t\t\t<option value=\"3\">3 People<\/option>\n\t\t\t\t\t\t\t<option value=\"4\">4 People<\/option>\n\t\t\t\t\t\t\t<option value=\"5\">5 People<\/option>\n\t\t\t\t\t\t\t<option value=\"6\">6 People<\/option>\n\t\t\t\t\t\t\t<option value=\"7\">7 People<\/option>\n\t\t\t\t\t\t\t<option value=\"8\">8 People<\/option>\n\t\t\t\t\t\t\t<option value=\"9\">9 People<\/option>\n\t\t\t\t\t\t\t<option value=\"10\">10 People<\/option>\n\t\t\t\t\t\t<\/select>\n\t\t\t\t\t<\/div>\n\t\t\t\t<\/div>\n\t\t\t\t<div class=\"eltd-rf-col-holder\">\n\t\t\t\t\t<div class=\"eltd-rf-field-holder clearfix\">\n\t\t\t\t\t\t<input type=\"text\" value=\"04\/24\/2026\" class=\"eltd-ot-date\" name=\"startDate\">\n\t\t\t\t\t<\/div>\n\t\t\t\t<\/div>\n\t\t\t\t<div class=\"eltd-rf-col-holder eltd-rf-time-col\">\n\t\t\t\t\t<div class=\"eltd-rf-field-holder clearfix\">\n\t\t\t\t\t\t<select name=\"ResTime\" class=\"eltd-ot-time\">\n\t\t\t\t\t\t\t<option value=\"5:30pm\">6:30 am<\/option>\n\t\t\t\t\t\t\t<option value=\"5:30pm\">7:00 am<\/option>\n\t\t\t\t\t\t\t<option value=\"5:30pm\">7:30 am<\/option>\n\t\t\t\t\t\t\t<option value=\"5:30pm\">8:00 am<\/option>\n\t\t\t\t\t\t\t<option value=\"5:30pm\">8:30 am<\/option>\n\t\t\t\t\t\t\t<option value=\"5:30pm\">9:00 am<\/option>\n\t\t\t\t\t\t\t<option value=\"5:30pm\">9:30 am<\/option>\n\t\t\t\t\t\t\t<option value=\"5:30pm\">10:00 am<\/option>\n\t\t\t\t\t\t\t<option value=\"5:30pm\">10:30 am<\/option>\n\t\t\t\t\t\t\t<option value=\"5:30pm\">11:00 am<\/option>\n\t\t\t\t\t\t\t<option value=\"5:30pm\">11:30 am<\/option>\n\t\t\t\t\t\t\t<option value=\"5:30pm\">12:00 pm<\/option>\n\t\t\t\t\t\t\t<option value=\"5:30pm\">12:30 pm<\/option>\n\t\t\t\t\t\t\t<option value=\"5:30pm\">1:00 pm<\/option>\n\t\t\t\t\t\t\t<option value=\"5:30pm\">1:30 pm<\/option>\n\t\t\t\t\t\t\t<option value=\"5:30pm\">2:00 pm<\/option>\n\t\t\t\t\t\t\t<option value=\"5:30pm\">2:30 pm<\/option>\n\t\t\t\t\t\t\t<option value=\"5:30pm\">3:00 pm<\/option>\n\t\t\t\t\t\t\t<option value=\"5:30pm\">3:30 pm<\/option>\n\t\t\t\t\t\t\t<option value=\"5:30pm\">4:00 pm<\/option>\n\t\t\t\t\t\t\t<option value=\"5:30pm\">4:30 pm<\/option>\n\t\t\t\t\t\t\t<option value=\"5:30pm\">5:00 pm<\/option>\n\t\t\t\t\t\t\t<option value=\"5:30pm\">5:30 pm<\/option>\n\t\t\t\t\t\t\t<option value=\"6:00pm\">6:00 pm<\/option>\n\t\t\t\t\t\t\t<option value=\"6:30pm\">6:30 pm<\/option>\n\t\t\t\t\t\t\t<option value=\"7:00pm\" selected=\"selected\">7:00 pm<\/option>\n\t\t\t\t\t\t\t<option value=\"7:30pm\">7:30 pm<\/option>\n\t\t\t\t\t\t\t<option value=\"8:00pm\">8:00 pm<\/option>\n\t\t\t\t\t\t\t<option value=\"8:30pm\">8:30 pm<\/option>\n\t\t\t\t\t\t\t<option value=\"9:00pm\">9:00 pm<\/option>\n\t\t\t\t\t\t\t<option value=\"9:30pm\">9:30 pm<\/option>\n\t\t\t\t\t\t\t<option value=\"10:00pm\">10:00 pm<\/option>\n\t\t\t\t\t\t\t<option value=\"10:30pm\">10:30 pm<\/option>\n\t\t\t\t\t\t\t<option value=\"11:00pm\">11:00 pm<\/option>\n\t\t\t\t\t\t\t<option value=\"11:30pm\">11:30 pm<\/option>\n\t\t\t\t\t\t<\/select>\n\t\t\t\t\t<\/div>\n\t\t\t\t<\/div>\n\t\t\t<\/div>\n\t\t\t<div class=\"eltd-rf-btn-holder\">\n\t\t\t\t<button type=\"submit\"  class=\"eltd-btn eltd-btn-medium eltd-btn-solid\"  >    <span class=\"eltd-btn-text\">Book a Table<\/span>    <\/button>\t\t\t<\/div>\n\n\t\t\t<input type=\"hidden\" name=\"RestaurantID\" class=\"RestaurantID\" value=\"142273\">\n\t\t\t<input type=\"hidden\" name=\"rid\" class=\"rid\" value=\"142273\">\n\t\t\t<input type=\"hidden\" name=\"GeoID\" class=\"GeoID\" value=\"15\">\n\t\t\t<input type=\"hidden\" name=\"txtDateFormat\" class=\"txtDateFormat\" value=\"MM\/dd\/yyyy\">\n\t\t\t<input type=\"hidden\" name=\"RestaurantReferralID\" class=\"RestaurantReferralID\" value=\"142273\">\n\n\t\t<\/form>\n\t\t<p class=\"eltd-rf-copyright\">Powered by OpenTable<\/p>\n\t<\/div>[\/vc_column][\/vc_row][vc_row content_width=\u00a0\u00bbgrid\u00a0\u00bb css=\u00a0\u00bb.vc_custom_1476868591796{padding-top: 75px !important;padding-bottom: 70px !important;}\u00a0\u00bb][vc_column offset=\u00a0\u00bbvc_col-lg-6 vc_col-md-12&Prime;]<div class=\"eltd-section-title-outer-holder\" style=\"text-align: left\">\n\n\t\n\t\t\t<div class=\"eltd-section-title-title-holder\">\n\t\t\t\t<h2 class=\"eltd-section-title\" style=\";font-size: 35px;;;;;;\">\n\t\t\t\tA propros de la r\u00e9servation\t\t\t\t<\/h2>\n\t\t<\/div>\n\t\n<\/div>[vc_empty_space height=\u00a0\u00bb5px\u00a0\u00bb][vc_column_text]<\/p>\n<h4>Que vous planifiiez un d\u00eener intime en amoureux, une r\u00e9union d&rsquo;affaires ou une c\u00e9l\u00e9bration en famille, notre restaurant vous accueille avec enthousiasme.<\/h4>\n<p>[\/vc_column_text][vc_empty_space height=\u00a0\u00bb8px\u00a0\u00bb][vc_column_text]<\/p>\n<h4>Assurez-vous d&rsquo;avoir une table r\u00e9serv\u00e9e en utilisant notre syst\u00e8me de demande de \u00a0r\u00e9servation en ligne. R\u00e9servez d\u00e8s maintenant et laissez-nous vous offrir un voyage culinaire m\u00e9morable, plein de saveurs et de raffinement.<\/h4>\n<p>[\/vc_column_text][vc_empty_space height=\u00a0\u00bb5px\u00a0\u00bb][vc_single_image image=\u00a0\u00bb8507&Prime; img_size=\u00a0\u00bbmedium\u00a0\u00bb][vc_empty_space height=\u00a0\u00bb30px\u00a0\u00bb][\/vc_column][vc_column offset=\u00a0\u00bbvc_col-lg-offset-0 vc_col-lg-6 vc_col-md-offset-0 vc_col-md-11&Prime;]<div class=\"eltd-section-title-outer-holder\" style=\"text-align: left\">\n\n\t\n\t\t\t<div class=\"eltd-section-title-title-holder\">\n\t\t\t\t<h2 class=\"eltd-section-title\" style=\";font-size: 35px;;;;;;\">\n\t\t\t\tLaissez-nous un message\t\t\t\t<\/h2>\n\t\t<\/div>\n\t\n<\/div>[vc_empty_space height=\u00a0\u00bb5px\u00a0\u00bb][vc_column_text]<\/p>\n<h4>Notre \u00e9quipe fera au mieux pour r\u00e9pondre \u00e0 votre demande dans les plus bref d\u00e9lais.<\/h4>\n<p>[\/vc_column_text][vc_row_inner][vc_column_inner width=\u00a0\u00bb1\/4&Prime; offset=\u00a0\u00bbvc_col-lg-3 vc_col-md-3 vc_col-xs-3&Prime;][vc_empty_space height=\u00a0\u00bb12px\u00a0\u00bb][vc_column_text]<\/p>\n<h5>T\u00e9l\u00e9phone<\/h5>\n<p>[\/vc_column_text][vc_empty_space height=\u00a0\u00bb4px\u00a0\u00bb][vc_column_text]<\/p>\n<h5>EMAIL<\/h5>\n<p>[\/vc_column_text][vc_empty_space height=\u00a0\u00bb4px\u00a0\u00bb][vc_column_text]<\/p>\n<h5>Addresse<\/h5>\n<p>[\/vc_column_text][vc_empty_space height=\u00a0\u00bb4px\u00a0\u00bb][vc_column_text]<\/p>\n<h5>Follow<\/h5>\n<p>[\/vc_column_text][\/vc_column_inner][vc_column_inner width=\u00a0\u00bb2\/3&Prime; offset=\u00a0\u00bbvc_col-lg-offset-0 vc_col-lg-9 vc_col-xs-9&Prime;][vc_empty_space height=\u00a0\u00bb19px\u00a0\u00bb][vc_column_text]+33 5 62 03 70 92[\/vc_column_text][vc_empty_space height=\u00a0\u00bb7px\u00a0\u00bb][vc_column_text]contact@latableedetillac.fr[\/vc_column_text][vc_empty_space height=\u00a0\u00bb5px\u00a0\u00bb][vc_column_text]Rue Longue, 32 170 TILLAC[\/vc_column_text][vc_empty_space height=\u00a0\u00bb15px\u00a0\u00bb]\n    <span class=\"eltd-icon-shortcode normal\" style=\"margin: 0 18px 0 0\" data-hover-color=\"#333333\" data-color=\"#a2a2a2\">\n                    <a class=\"\"  href=\"http:\/\/instagram.com\" target=\"_blank\">\n        \n        <span aria-hidden=\"true\" class=\"eltd-icon-font-elegant social_instagram eltd-icon-element\" style=\"color: #a2a2a2;font-size:11px\" ><\/span>\n                    <\/a>\n            <\/span>\n\n\n    <span class=\"eltd-icon-shortcode normal\"  data-hover-color=\"#333333\" data-color=\"#a2a2a2\">\n                    <a class=\"\"  href=\"http:\/\/www.facebook.com\" target=\"_blank\">\n        \n        <span aria-hidden=\"true\" class=\"eltd-icon-font-elegant social_facebook eltd-icon-element\" style=\"color: #a2a2a2;font-size:11px\" ><\/span>\n                    <\/a>\n            <\/span>\n\n[\/vc_column_inner][\/vc_row_inner][vc_empty_space height=\u00a0\u00bb30px\u00a0\u00bb][\/vc_column][\/vc_row]<\/p>\n<\/section>","protected":false},"excerpt":{"rendered":"<p>[vc_row content_width=\u00a0\u00bbgrid\u00a0\u00bb content_aligment=\u00a0\u00bbcenter\u00a0\u00bb css=\u00a0\u00bb.vc_custom_1699041087289{padding-top: 95px !important;}\u00a0\u00bb][vc_column offset=\u00a0\u00bbvc_col-lg-offset-3 vc_col-lg-6 vc_col-md-offset-1 vc_col-md-9&Prime;][vc_column_text] Un mail vous sera envoy\u00e9 pour confirmer votre demande de r\u00e9servation. Pour les groupes de plus de 6 personnes, merci de nous appeler ou d&rsquo;\u00e9crire un mail. [\/vc_column_text][vc_empty_space height=\u00a0\u00bb60px\u00a0\u00bb][vc_empty_space height=\u00a0\u00bb60px\u00a0\u00bb][vc_column_text]samedi : 19:15\u201320:45 dimanche : 12:00\u201313:30,&#8230;<\/p>\n","protected":false},"author":1,"featured_media":0,"parent":0,"menu_order":0,"comment_status":"closed","ping_status":"closed","template":"full-width.php","meta":{"footnotes":""},"class_list":["post-6532","page","type-page","status-publish","hentry"],"yoast_head":"<!-- This site is optimized with the Yoast SEO plugin v24.6 - https:\/\/yoast.com\/wordpress\/plugins\/seo\/ -->\n<title>Reservations - La Table de Tillac<\/title>\n<meta name=\"robots\" content=\"index, follow, max-snippet:-1, max-image-preview:large, max-video-preview:-1\" \/>\n<link rel=\"canonical\" href=\"https:\/\/latableedetillac.fr\/index.php\/reservations\/\" \/>\n<meta property=\"og:locale\" content=\"fr_FR\" \/>\n<meta property=\"og:type\" content=\"article\" \/>\n<meta property=\"og:title\" content=\"Reservations - La Table de Tillac\" \/>\n<meta property=\"og:description\" content=\"[vc_row content_width=\u00a0\u00bbgrid\u00a0\u00bb content_aligment=\u00a0\u00bbcenter\u00a0\u00bb css=\u00a0\u00bb.vc_custom_1699041087289{padding-top: 95px !important;}\u00a0\u00bb][vc_column offset=\u00a0\u00bbvc_col-lg-offset-3 vc_col-lg-6 vc_col-md-offset-1 vc_col-md-9&Prime;][vc_column_text] Un mail vous sera envoy\u00e9 pour confirmer votre demande de r\u00e9servation. Pour les groupes de plus de 6 personnes, merci de nous appeler ou d&rsquo;\u00e9crire un mail. [\/vc_column_text][vc_empty_space height=\u00a0\u00bb60px\u00a0\u00bb][vc_empty_space height=\u00a0\u00bb60px\u00a0\u00bb][vc_column_text]samedi : 19:15\u201320:45 dimanche : 12:00\u201313:30,...\" \/>\n<meta property=\"og:url\" content=\"https:\/\/latableedetillac.fr\/index.php\/reservations\/\" \/>\n<meta property=\"og:site_name\" content=\"La Table de Tillac\" \/>\n<meta property=\"article:publisher\" content=\"https:\/\/www.facebook.com\/profile.php?id=100094270251892\" \/>\n<meta property=\"article:modified_time\" content=\"2026-04-17T18:44:08+00:00\" \/>\n<meta name=\"twitter:card\" content=\"summary_large_image\" \/>\n<meta name=\"twitter:label1\" content=\"Dur\u00e9e de lecture estim\u00e9e\" \/>\n\t<meta name=\"twitter:data1\" content=\"2 minutes\" \/>\n<script type=\"application\/ld+json\" class=\"yoast-schema-graph\">{\"@context\":\"https:\/\/schema.org\",\"@graph\":[{\"@type\":\"WebPage\",\"@id\":\"https:\/\/latableedetillac.fr\/index.php\/reservations\/\",\"url\":\"https:\/\/latableedetillac.fr\/index.php\/reservations\/\",\"name\":\"Reservations - La Table de Tillac\",\"isPartOf\":{\"@id\":\"https:\/\/latableedetillac.fr\/#website\"},\"datePublished\":\"2016-10-04T15:09:41+00:00\",\"dateModified\":\"2026-04-17T18:44:08+00:00\",\"breadcrumb\":{\"@id\":\"https:\/\/latableedetillac.fr\/index.php\/reservations\/#breadcrumb\"},\"inLanguage\":\"fr-FR\",\"potentialAction\":[{\"@type\":\"ReadAction\",\"target\":[\"https:\/\/latableedetillac.fr\/index.php\/reservations\/\"]}]},{\"@type\":\"BreadcrumbList\",\"@id\":\"https:\/\/latableedetillac.fr\/index.php\/reservations\/#breadcrumb\",\"itemListElement\":[{\"@type\":\"ListItem\",\"position\":1,\"name\":\"Accueil\",\"item\":\"https:\/\/latableedetillac.fr\/\"},{\"@type\":\"ListItem\",\"position\":2,\"name\":\"Reservations\"}]},{\"@type\":\"WebSite\",\"@id\":\"https:\/\/latableedetillac.fr\/#website\",\"url\":\"https:\/\/latableedetillac.fr\/\",\"name\":\"latableedetillac.fr\",\"description\":\"Dans une ancienne b\u00e2tisse gersoise r\u00e9nov\u00e9e, venez d\u00e9couvrir une cuisine cr\u00e9ative, alliant des produits locaux, de saison \u00e0 une belle s\u00e9lection de vins.\",\"publisher\":{\"@id\":\"https:\/\/latableedetillac.fr\/#organization\"},\"potentialAction\":[{\"@type\":\"SearchAction\",\"target\":{\"@type\":\"EntryPoint\",\"urlTemplate\":\"https:\/\/latableedetillac.fr\/?s={search_term_string}\"},\"query-input\":{\"@type\":\"PropertyValueSpecification\",\"valueRequired\":true,\"valueName\":\"search_term_string\"}}],\"inLanguage\":\"fr-FR\"},{\"@type\":\"Organization\",\"@id\":\"https:\/\/latableedetillac.fr\/#organization\",\"name\":\"La Table de Tillac\",\"url\":\"https:\/\/latableedetillac.fr\/\",\"logo\":{\"@type\":\"ImageObject\",\"inLanguage\":\"fr-FR\",\"@id\":\"https:\/\/latableedetillac.fr\/#\/schema\/logo\/image\/\",\"url\":\"https:\/\/latableedetillac.fr\/wp-content\/uploads\/2025\/06\/LTDT-Logo-vpanneaux-125x180.ai_.png\",\"contentUrl\":\"https:\/\/latableedetillac.fr\/wp-content\/uploads\/2025\/06\/LTDT-Logo-vpanneaux-125x180.ai_.png\",\"width\":1080,\"height\":1080,\"caption\":\"La Table de Tillac\"},\"image\":{\"@id\":\"https:\/\/latableedetillac.fr\/#\/schema\/logo\/image\/\"},\"sameAs\":[\"https:\/\/www.facebook.com\/profile.php?id=100094270251892\",\"https:\/\/www.instagram.com\/la.table.de.tillac\/\"]}]}<\/script>\n<!-- \/ Yoast SEO plugin. -->","yoast_head_json":{"title":"Reservations - La Table de Tillac","robots":{"index":"index","follow":"follow","max-snippet":"max-snippet:-1","max-image-preview":"max-image-preview:large","max-video-preview":"max-video-preview:-1"},"canonical":"https:\/\/latableedetillac.fr\/index.php\/reservations\/","og_locale":"fr_FR","og_type":"article","og_title":"Reservations - La Table de Tillac","og_description":"[vc_row content_width=\u00a0\u00bbgrid\u00a0\u00bb content_aligment=\u00a0\u00bbcenter\u00a0\u00bb css=\u00a0\u00bb.vc_custom_1699041087289{padding-top: 95px !important;}\u00a0\u00bb][vc_column offset=\u00a0\u00bbvc_col-lg-offset-3 vc_col-lg-6 vc_col-md-offset-1 vc_col-md-9&Prime;][vc_column_text] Un mail vous sera envoy\u00e9 pour confirmer votre demande de r\u00e9servation. Pour les groupes de plus de 6 personnes, merci de nous appeler ou d&rsquo;\u00e9crire un mail. [\/vc_column_text][vc_empty_space height=\u00a0\u00bb60px\u00a0\u00bb][vc_empty_space height=\u00a0\u00bb60px\u00a0\u00bb][vc_column_text]samedi : 19:15\u201320:45 dimanche : 12:00\u201313:30,...","og_url":"https:\/\/latableedetillac.fr\/index.php\/reservations\/","og_site_name":"La Table de Tillac","article_publisher":"https:\/\/www.facebook.com\/profile.php?id=100094270251892","article_modified_time":"2026-04-17T18:44:08+00:00","twitter_card":"summary_large_image","twitter_misc":{"Dur\u00e9e de lecture estim\u00e9e":"2 minutes"},"schema":{"@context":"https:\/\/schema.org","@graph":[{"@type":"WebPage","@id":"https:\/\/latableedetillac.fr\/index.php\/reservations\/","url":"https:\/\/latableedetillac.fr\/index.php\/reservations\/","name":"Reservations - La Table de Tillac","isPartOf":{"@id":"https:\/\/latableedetillac.fr\/#website"},"datePublished":"2016-10-04T15:09:41+00:00","dateModified":"2026-04-17T18:44:08+00:00","breadcrumb":{"@id":"https:\/\/latableedetillac.fr\/index.php\/reservations\/#breadcrumb"},"inLanguage":"fr-FR","potentialAction":[{"@type":"ReadAction","target":["https:\/\/latableedetillac.fr\/index.php\/reservations\/"]}]},{"@type":"BreadcrumbList","@id":"https:\/\/latableedetillac.fr\/index.php\/reservations\/#breadcrumb","itemListElement":[{"@type":"ListItem","position":1,"name":"Accueil","item":"https:\/\/latableedetillac.fr\/"},{"@type":"ListItem","position":2,"name":"Reservations"}]},{"@type":"WebSite","@id":"https:\/\/latableedetillac.fr\/#website","url":"https:\/\/latableedetillac.fr\/","name":"latableedetillac.fr","description":"Dans une ancienne b\u00e2tisse gersoise r\u00e9nov\u00e9e, venez d\u00e9couvrir une cuisine cr\u00e9ative, alliant des produits locaux, de saison \u00e0 une belle s\u00e9lection de vins.","publisher":{"@id":"https:\/\/latableedetillac.fr\/#organization"},"potentialAction":[{"@type":"SearchAction","target":{"@type":"EntryPoint","urlTemplate":"https:\/\/latableedetillac.fr\/?s={search_term_string}"},"query-input":{"@type":"PropertyValueSpecification","valueRequired":true,"valueName":"search_term_string"}}],"inLanguage":"fr-FR"},{"@type":"Organization","@id":"https:\/\/latableedetillac.fr\/#organization","name":"La Table de Tillac","url":"https:\/\/latableedetillac.fr\/","logo":{"@type":"ImageObject","inLanguage":"fr-FR","@id":"https:\/\/latableedetillac.fr\/#\/schema\/logo\/image\/","url":"https:\/\/latableedetillac.fr\/wp-content\/uploads\/2025\/06\/LTDT-Logo-vpanneaux-125x180.ai_.png","contentUrl":"https:\/\/latableedetillac.fr\/wp-content\/uploads\/2025\/06\/LTDT-Logo-vpanneaux-125x180.ai_.png","width":1080,"height":1080,"caption":"La Table de Tillac"},"image":{"@id":"https:\/\/latableedetillac.fr\/#\/schema\/logo\/image\/"},"sameAs":["https:\/\/www.facebook.com\/profile.php?id=100094270251892","https:\/\/www.instagram.com\/la.table.de.tillac\/"]}]}},"jetpack-related-posts":[],"jetpack_sharing_enabled":true,"_links":{"self":[{"href":"https:\/\/latableedetillac.fr\/index.php\/wp-json\/wp\/v2\/pages\/6532","targetHints":{"allow":["GET"]}}],"collection":[{"href":"https:\/\/latableedetillac.fr\/index.php\/wp-json\/wp\/v2\/pages"}],"about":[{"href":"https:\/\/latableedetillac.fr\/index.php\/wp-json\/wp\/v2\/types\/page"}],"author":[{"embeddable":true,"href":"https:\/\/latableedetillac.fr\/index.php\/wp-json\/wp\/v2\/users\/1"}],"replies":[{"embeddable":true,"href":"https:\/\/latableedetillac.fr\/index.php\/wp-json\/wp\/v2\/comments?post=6532"}],"version-history":[{"count":78,"href":"https:\/\/latableedetillac.fr\/index.php\/wp-json\/wp\/v2\/pages\/6532\/revisions"}],"predecessor-version":[{"id":9105,"href":"https:\/\/latableedetillac.fr\/index.php\/wp-json\/wp\/v2\/pages\/6532\/revisions\/9105"}],"wp:attachment":[{"href":"https:\/\/latableedetillac.fr\/index.php\/wp-json\/wp\/v2\/media?parent=6532"}],"curies":[{"name":"wp","href":"https:\/\/api.w.org\/{rel}","templated":true}]}}