{"id":6032,"date":"2016-10-03T10:28:23","date_gmt":"2016-10-03T10:28:23","guid":{"rendered":"http:\/\/savory.elated-themes.com\/?page_id=6032"},"modified":"2026-03-19T10:21:36","modified_gmt":"2026-03-19T09:21:36","slug":"accueil","status":"publish","type":"page","link":"https:\/\/latableedetillac.fr\/","title":{"rendered":"Accueil"},"content":{"rendered":"<section class=\"wpb-content-wrapper\"><p>[vc_row content_width=\u00a0\u00bbgrid\u00a0\u00bb css=\u00a0\u00bb.vc_custom_1476866109634{padding-top: 95px !important;padding-bottom: 65px !important;}\u00a0\u00bb][vc_column width=\u00a0\u00bb1\/2&Prime; offset=\u00a0\u00bbvc_col-md-6&Prime;][vc_empty_space height=\u00a0\u00bb60px\u00a0\u00bb]<div class=\"eltd-section-title-outer-holder\" style=\"text-align: center\">\n\n\t\n\t\t\t<div class=\"eltd-section-title-title-holder\">\n\t\t\t\t<h2 class=\"eltd-section-title\" style=\";font-size: 60px;;font-weight: 200;line-height: 72px;;;\">\n\t\t\t\tVenez gouter une cuisine cr\u00e9ative dans un cadre typiquement gersois\t\t\t\t<\/h2>\n\t\t<\/div>\n\t\n<\/div>[vc_empty_space height=\u00a0\u00bb30px\u00a0\u00bb][\/vc_column][vc_column width=\u00a0\u00bb1\/2&Prime; offset=\u00a0\u00bbvc_col-md-6&Prime;][vc_empty_space height=\u00a0\u00bb3px\u00a0\u00bb][vc_column_text]<\/p>\n<div>\n<p>Situ\u00e9 dans un charmant petit village anciennement fortifi\u00e9 avec son \u00e9glise Saint-Jacques-Le-Majeur datant du XV\u00e8me si\u00e8cle et ses deux tours m\u00e9di\u00e9vales, le restaurant La Table de Tillac est un lieu chaleureux et plein de passion tenu par un jeune couple mordu de gastronomie et d\u2019arts de la table. Leur approche moderne et cr\u00e9ative de la cuisine se refl\u00e8te dans chaque plat savoureux qu\u2019ils pr\u00e9parent avec soin.<\/p>\n<\/div>\n<div style=\"text-align: justify;\"><!-- Votre texte justifi\u00e9 va ici --><\/div>\n<p>[\/vc_column_text][vc_empty_space height=\u00a0\u00bb13px\u00a0\u00bb][vc_column_text]<\/p>\n<div>\n<p>La particularit\u00e9 de ce restaurant r\u00e9side dans sa volont\u00e9 de travailler principalement avec des produits de saison, garantissant ainsi une exp\u00e9rience culinaire fra\u00eeche et authentique. Le chef s\u2019approvisionne aupr\u00e8s des producteurs locaux, privil\u00e9giant les ingr\u00e9dients de qualit\u00e9 et mettant en valeur les saveurs uniques de la r\u00e9gion. Sa curiosit\u00e9 culinaire ne l\u2019emp\u00eache pas de proposer d\u2019autres produits de diverses origines qu\u2019il souhaite faire d\u00e9couvrir \u00e0 sa client\u00e8le. Ainsi, les convives pourront passer un moment gourmand dans une atmosph\u00e8re conviviale et accueillante.<\/p>\n<\/div>\n<p>[\/vc_column_text][vc_empty_space height=\u00a0\u00bb30px\u00a0\u00bb][\/vc_column][\/vc_row][vc_row row_type=\u00a0\u00bbparallax\u00a0\u00bb content_width=\u00a0\u00bbgrid\u00a0\u00bb content_aligment=\u00a0\u00bbcenter\u00a0\u00bb full_screen_section_height=\u00a0\u00bbno\u00a0\u00bb parallax_background_image=\u00a0\u00bb9087&Prime; css=\u00a0\u00bb.vc_custom_1773912064420{padding-top: 60px !important;padding-bottom: 80px !important;}\u00a0\u00bb][vc_column offset=\u00a0\u00bbvc_col-lg-offset-2 vc_col-lg-8 vc_col-md-offset-1 vc_col-md-10&Prime; css=\u00a0\u00bb.vc_custom_1478274674107{padding-right: 3% !important;padding-left: 3% !important;}\u00a0\u00bb]<div class=\"eltd-section-title-outer-holder\" style=\"text-align: center\">\n\n\t\n\t\t\t<div class=\"eltd-section-title-title-holder\">\n\t\t\t\t<h2 class=\"eltd-section-title\" style=\";font-size: 60px;color: #ffffff;font-weight: 200;line-height: 72px;;;\">\n\t\t\t\tNotre carte\t\t\t\t<\/h2>\n\t\t<\/div>\n\t\n<\/div>[vc_column_text]<\/p>\n<h4 style=\"font-weight: 400;\"><span style=\"color: #ffffff;\">La carte du restaurant vous invite \u00e0 d\u00e9couvrir une cuisine moderne et cr\u00e9ative, \u00e9labor\u00e9e avec passion, tout en respectant le go\u00fbt des aliments. Le chef privil\u00e9gie une garniture travaill\u00e9e qui met en valeur les viandes ou les poissons, ou encore tout simplement le l\u00e9gume en lui-m\u00eame.<\/span><\/h4>\n<h4 style=\"font-weight: 400;\"><span style=\"color: #ffffff;\">\u00ab\u00a0Nous sommes fiers de mettre en valeur des produits de saison propos\u00e9s par nos producteurs, nos partenaires, locaux.\u00a0\u00bb<\/span><\/h4>\n<p>[\/vc_column_text][vc_empty_space]<a href=\"https:\/\/latableedetillac.fr\/index.php\/cuisine\/\" target=\"_self\"  class=\"eltd-btn eltd-btn-medium eltd-btn-solid eltd-btn-hover-animation eltd-btn-sweep-from-left\"  >\n\t\t\t<div class=\"eltd-btn-hover-overlay\"><\/div>\n\t    <span class=\"eltd-btn-text\">La carte<\/span>\n    <\/a>[\/vc_column][\/vc_row][vc_row content_width=\u00a0\u00bbgrid\u00a0\u00bb content_aligment=\u00a0\u00bbcenter\u00a0\u00bb css=\u00a0\u00bb.vc_custom_1476866162877{padding-top: 90px !important;padding-bottom: 15px !important;}\u00a0\u00bb][vc_column offset=\u00a0\u00bbvc_col-lg-offset-2 vc_col-lg-8 vc_col-md-offset-1 vc_col-md-10&Prime; css=\u00a0\u00bb.vc_custom_1478274804961{padding-right: 6% !important;padding-left: 6% !important;}\u00a0\u00bb]<div class=\"eltd-section-title-outer-holder\" style=\"text-align: center\">\n\n\t\n\t\t\t<div class=\"eltd-section-title-title-holder\">\n\t\t\t\t<h2 class=\"eltd-section-title\" style=\";font-size: 60px;;font-weight: 200;line-height: 72px;;;\">\n\t\t\t\tTable gourmande\t\t\t\t<\/h2>\n\t\t<\/div>\n\t\n<\/div>[vc_column_text]<\/p>\n<h4>D\u00e9couvrez une exp\u00e9rience culinaire unique, o\u00f9 la cuisine allie technique et produits pour offrir une symphonie de go\u00fbts et de textures.<\/h4>\n<p>[\/vc_column_text][\/vc_column][\/vc_row][vc_row content_width=\u00a0\u00bbgrid\u00a0\u00bb css=\u00a0\u00bb.vc_custom_1476866180963{padding-bottom: 65px !important;}\u00a0\u00bb][vc_column width=\u00a0\u00bb5\/6&Prime; offset=\u00a0\u00bbvc_col-lg-offset-0 vc_col-lg-4 vc_col-md-offset-1 vc_col-md-10 vc_col-sm-offset-1&Prime;][vc_single_image image=\u00a0\u00bb8991&Prime; img_size=\u00a0\u00bblarge\u00a0\u00bb alignment=\u00a0\u00bbcenter\u00a0\u00bb style=\u00a0\u00bbvc_box_rounded\u00a0\u00bb][vc_empty_space height=\u00a0\u00bb30px\u00a0\u00bb]<a href=\"https:\/\/latableedetillac.fr\/index.php\/ambiance\/\" target=\"_blank\" style=\"color: #333333;font-size: 12px\" class=\"eltd-btn eltd-btn-small eltd-btn-transparent eltd-btn-custom-hover-color eltd-btn-hover-animation eltd-btn-sweep-from-left\" data-hover-color=\"#868686\" >\n\t\t\t<div class=\"eltd-btn-hover-overlay\"><\/div>\n\t    <span class=\"eltd-btn-text\">L&#039;ambiance<\/span>\n    <\/a>[vc_empty_space height=\u00a0\u00bb12px\u00a0\u00bb][vc_column_text]<\/p>\n<p style=\"text-align: center;\">Venez profiter d\u2019un moment culinaire dans une ambiance chaleureuse et authentique. Plongez-vous dans l\u2019atmosph\u00e8re conviviale de la r\u00e9gion et laissez-vous transporter par l\u2019ambiance agr\u00e9able et accueillante de la salle int\u00e9rieur et de la terrasse. D\u00e9tendez-vous et appr\u00e9ciez un moment de tranquillit\u00e9 autour d\u2019un repas o\u00f9 r\u00e8gne le savoir-vivre gersois.<\/p>\n<p>[\/vc_column_text][\/vc_column][vc_column width=\u00a0\u00bb5\/6&Prime; offset=\u00a0\u00bbvc_col-lg-offset-0 vc_col-lg-4 vc_col-md-offset-1 vc_col-md-10 vc_col-sm-offset-1&Prime;][vc_single_image image=\u00a0\u00bb8993&Prime; img_size=\u00a0\u00bbLarge\u00a0\u00bb alignment=\u00a0\u00bbcenter\u00a0\u00bb style=\u00a0\u00bbvc_box_rounded\u00a0\u00bb][vc_empty_space height=\u00a0\u00bb30px\u00a0\u00bb]<a href=\"https:\/\/latableedetillac.fr\/index.php\/restaurant\/\" target=\"_blank\" style=\"color: #333333;font-size: 12px\" class=\"eltd-btn eltd-btn-medium eltd-btn-transparent eltd-btn-custom-hover-color eltd-btn-hover-animation eltd-btn-sweep-from-left\" data-hover-color=\"#868686\" >\n\t\t\t<div class=\"eltd-btn-hover-overlay\"><\/div>\n\t    <span class=\"eltd-btn-text\">Le restaurant<\/span>\n    <\/a>[vc_empty_space height=\u00a0\u00bb12px\u00a0\u00bb][vc_column_text]<\/p>\n<p style=\"font-weight: 400; text-align: center;\">L\u2019attention port\u00e9e sur les d\u00e9tails, les recommandations personnalis\u00e9es et le service amical font partie int\u00e9grante de nos engagements envers vous, garantissant ainsi une exp\u00e9rience gastronomique \u00e0 chacune de vos visites.<\/p>\n<p style=\"font-weight: 400; text-align: center;\">Le mot de l\u2019\u00e9quipe \u00ab\u00a0Nous faisons une cuisine et un service qui nous ressemblent et qui nous plaisent pour transmettre notre passion \u00e0 nos clients.\u00a0\u00bb<\/p>\n<p>[\/vc_column_text][\/vc_column][vc_column width=\u00a0\u00bb5\/6&Prime; offset=\u00a0\u00bbvc_col-lg-offset-0 vc_col-lg-4 vc_col-md-offset-1 vc_col-md-10 vc_col-sm-offset-1&Prime;][vc_single_image image=\u00a0\u00bb8994&Prime; img_size=\u00a0\u00bbLarge\u00a0\u00bb alignment=\u00a0\u00bbcenter\u00a0\u00bb style=\u00a0\u00bbvc_box_rounded\u00a0\u00bb][vc_empty_space height=\u00a0\u00bb30px\u00a0\u00bb]<a href=\"https:\/\/latableedetillac.fr\/index.php\/cuisine\" target=\"_self\" style=\"color: #333333;font-size: 12px\" class=\"eltd-btn eltd-btn-medium eltd-btn-transparent eltd-btn-custom-hover-color eltd-btn-hover-animation eltd-btn-sweep-from-left\" data-hover-color=\"#868686\" >\n\t\t\t<div class=\"eltd-btn-hover-overlay\"><\/div>\n\t    <span class=\"eltd-btn-text\">La cuisine<\/span>\n    <\/a>[vc_empty_space height=\u00a0\u00bb12px\u00a0\u00bb][vc_column_text]<\/p>\n<div class=\"flex-shrink-0 flex flex-col relative items-end\">\n<div class=\"relative p-1 rounded-sm h-9 w-9 text-white flex items-center justify-center\" style=\"text-align: center;\">\n<div class=\"flex-shrink-0 flex flex-col relative items-end\">\n<div><\/div>\n<\/div>\n<div class=\"relative flex w-[calc(100%-50px)] flex-col gizmo:w-full lg:w-[calc(100%-115px)] agent-turn\">\n<div class=\"flex-col gap-1 md:gap-3\">\n<div class=\"flex flex-grow flex-col gap-3 max-w-full\">\n<div class=\"min-h-[20px] flex flex-col items-start gap-3 whitespace-pre-wrap break-words overflow-x-auto\" data-message-author-role=\"assistant\" data-message-id=\"ad0b595d-cac7-4270-bbc3-4052d814a882\">\n<div class=\"markdown prose w-full break-words dark:prose-invert dark\">\n<p style=\"font-weight: 400;\">D\u00e9couvrez notre cuisine, cr\u00e9\u00e9e avec soin \u00e0 partir de produits frais et de saison, provenant non seulement de notre r\u00e9gion, mais aussi d\u2019autres terroirs soigneusement s\u00e9lectionn\u00e9s.<\/p>\n<\/div>\n<\/div>\n<\/div>\n<\/div>\n<\/div>\n<\/div>\n<\/div>\n<p>[\/vc_column_text][\/vc_column][vc_column][vc_empty_space height=\u00a0\u00bb50px\u00a0\u00bb]<a href=\"https:\/\/latableedetillac.fr\/index.php\/reservations\/\" target=\"_self\"  class=\"eltd-btn eltd-btn-huge-full-width eltd-btn-outline eltd-btn-hover-animation eltd-btn-sweep-from-left\"  >\n\t\t\t<div class=\"eltd-btn-hover-overlay\"><\/div>\n\t    <span class=\"eltd-btn-text\">R\u00e9server une table<\/span>\n    <span aria-hidden=\"true\" class=\"eltd-icon-font-elegant  \" ><\/span><\/a>[\/vc_column][\/vc_row]<\/p>\n<\/section>","protected":false},"excerpt":{"rendered":"<p>[vc_row content_width=\u00a0\u00bbgrid\u00a0\u00bb css=\u00a0\u00bb.vc_custom_1476866109634{padding-top: 95px !important;padding-bottom: 65px !important;}\u00a0\u00bb][vc_column width=\u00a0\u00bb1\/2&Prime; offset=\u00a0\u00bbvc_col-md-6&Prime;][vc_empty_space height=\u00a0\u00bb60px\u00a0\u00bb][vc_empty_space height=\u00a0\u00bb30px\u00a0\u00bb][\/vc_column][vc_column width=\u00a0\u00bb1\/2&Prime; offset=\u00a0\u00bbvc_col-md-6&Prime;][vc_empty_space height=\u00a0\u00bb3px\u00a0\u00bb][vc_column_text] Situ\u00e9 dans un charmant petit village anciennement fortifi\u00e9 avec son \u00e9glise Saint-Jacques-Le-Majeur datant du XV\u00e8me si\u00e8cle et ses deux tours m\u00e9di\u00e9vales, le restaurant La Table de Tillac est un lieu chaleureux&#8230;<\/p>\n","protected":false},"author":1,"featured_media":0,"parent":0,"menu_order":0,"comment_status":"closed","ping_status":"closed","template":"full-width.php","meta":{"footnotes":""},"class_list":["post-6032","page","type-page","status-publish","hentry"],"yoast_head":"<!-- This site is optimized with the Yoast SEO plugin v24.6 - https:\/\/yoast.com\/wordpress\/plugins\/seo\/ -->\n<title>Restaurant Tillac - La tabl\u00e9e de Tillac - Accueil<\/title>\n<meta name=\"description\" content=\"D\u00e9couvrez La Tabl\u00e9e de Tillac, un restaurant au c\u0153ur du Gers, proposant une cuisine cr\u00e9ative avec des produits de saison. Profitez de notre terrasse et vivez une exp\u00e9rience culinaire unique \u00e0 Tillac.\" \/>\n<meta name=\"robots\" content=\"index, follow, max-snippet:-1, max-image-preview:large, max-video-preview:-1\" \/>\n<link rel=\"canonical\" href=\"https:\/\/latableedetillac.fr\/\" \/>\n<meta property=\"og:locale\" content=\"fr_FR\" \/>\n<meta property=\"og:type\" content=\"article\" \/>\n<meta property=\"og:title\" content=\"Restaurant Tillac - La tabl\u00e9e de Tillac - Accueil\" \/>\n<meta property=\"og:description\" content=\"D\u00e9couvrez La Tabl\u00e9e de Tillac, un restaurant au c\u0153ur du Gers, proposant une cuisine cr\u00e9ative avec des produits de saison. Profitez de notre terrasse et vivez une exp\u00e9rience culinaire unique \u00e0 Tillac.\" \/>\n<meta property=\"og:url\" content=\"https:\/\/latableedetillac.fr\/\" \/>\n<meta property=\"og:site_name\" content=\"La Table de Tillac\" \/>\n<meta property=\"article:publisher\" content=\"https:\/\/www.facebook.com\/profile.php?id=100094270251892\" \/>\n<meta property=\"article:modified_time\" content=\"2026-03-19T09:21:36+00:00\" \/>\n<meta name=\"twitter:card\" content=\"summary_large_image\" \/>\n<meta name=\"twitter:label1\" content=\"Dur\u00e9e de lecture estim\u00e9e\" \/>\n\t<meta name=\"twitter:data1\" content=\"4 minutes\" \/>\n<script type=\"application\/ld+json\" class=\"yoast-schema-graph\">{\"@context\":\"https:\/\/schema.org\",\"@graph\":[{\"@type\":\"WebPage\",\"@id\":\"https:\/\/latableedetillac.fr\/\",\"url\":\"https:\/\/latableedetillac.fr\/\",\"name\":\"Restaurant Tillac - La tabl\u00e9e de Tillac - Accueil\",\"isPartOf\":{\"@id\":\"https:\/\/latableedetillac.fr\/#website\"},\"datePublished\":\"2016-10-03T10:28:23+00:00\",\"dateModified\":\"2026-03-19T09:21:36+00:00\",\"description\":\"D\u00e9couvrez La Tabl\u00e9e de Tillac, un restaurant au c\u0153ur du Gers, proposant une cuisine cr\u00e9ative avec des produits de saison. Profitez de notre terrasse et vivez une exp\u00e9rience culinaire unique \u00e0 Tillac.\",\"breadcrumb\":{\"@id\":\"https:\/\/latableedetillac.fr\/#breadcrumb\"},\"inLanguage\":\"fr-FR\",\"potentialAction\":[{\"@type\":\"ReadAction\",\"target\":[\"https:\/\/latableedetillac.fr\/\"]}]},{\"@type\":\"BreadcrumbList\",\"@id\":\"https:\/\/latableedetillac.fr\/#breadcrumb\",\"itemListElement\":[{\"@type\":\"ListItem\",\"position\":1,\"name\":\"Accueil\",\"item\":\"https:\/\/latableedetillac.fr\/\"},{\"@type\":\"ListItem\",\"position\":2,\"name\":\"Accueil\"}]},{\"@type\":\"WebSite\",\"@id\":\"https:\/\/latableedetillac.fr\/#website\",\"url\":\"https:\/\/latableedetillac.fr\/\",\"name\":\"latableedetillac.fr\",\"description\":\"Dans une ancienne b\u00e2tisse gersoise r\u00e9nov\u00e9e, venez d\u00e9couvrir une cuisine cr\u00e9ative, alliant des produits locaux, de saison \u00e0 une belle s\u00e9lection de vins.\",\"publisher\":{\"@id\":\"https:\/\/latableedetillac.fr\/#organization\"},\"potentialAction\":[{\"@type\":\"SearchAction\",\"target\":{\"@type\":\"EntryPoint\",\"urlTemplate\":\"https:\/\/latableedetillac.fr\/?s={search_term_string}\"},\"query-input\":{\"@type\":\"PropertyValueSpecification\",\"valueRequired\":true,\"valueName\":\"search_term_string\"}}],\"inLanguage\":\"fr-FR\"},{\"@type\":\"Organization\",\"@id\":\"https:\/\/latableedetillac.fr\/#organization\",\"name\":\"La Table de Tillac\",\"url\":\"https:\/\/latableedetillac.fr\/\",\"logo\":{\"@type\":\"ImageObject\",\"inLanguage\":\"fr-FR\",\"@id\":\"https:\/\/latableedetillac.fr\/#\/schema\/logo\/image\/\",\"url\":\"https:\/\/latableedetillac.fr\/wp-content\/uploads\/2025\/06\/LTDT-Logo-vpanneaux-125x180.ai_.png\",\"contentUrl\":\"https:\/\/latableedetillac.fr\/wp-content\/uploads\/2025\/06\/LTDT-Logo-vpanneaux-125x180.ai_.png\",\"width\":1080,\"height\":1080,\"caption\":\"La Table de Tillac\"},\"image\":{\"@id\":\"https:\/\/latableedetillac.fr\/#\/schema\/logo\/image\/\"},\"sameAs\":[\"https:\/\/www.facebook.com\/profile.php?id=100094270251892\",\"https:\/\/www.instagram.com\/la.table.de.tillac\/\"]}]}<\/script>\n<!-- \/ Yoast SEO plugin. -->","yoast_head_json":{"title":"Restaurant Tillac - La tabl\u00e9e de Tillac - Accueil","description":"D\u00e9couvrez La Tabl\u00e9e de Tillac, un restaurant au c\u0153ur du Gers, proposant une cuisine cr\u00e9ative avec des produits de saison. Profitez de notre terrasse et vivez une exp\u00e9rience culinaire unique \u00e0 Tillac.","robots":{"index":"index","follow":"follow","max-snippet":"max-snippet:-1","max-image-preview":"max-image-preview:large","max-video-preview":"max-video-preview:-1"},"canonical":"https:\/\/latableedetillac.fr\/","og_locale":"fr_FR","og_type":"article","og_title":"Restaurant Tillac - La tabl\u00e9e de Tillac - Accueil","og_description":"D\u00e9couvrez La Tabl\u00e9e de Tillac, un restaurant au c\u0153ur du Gers, proposant une cuisine cr\u00e9ative avec des produits de saison. Profitez de notre terrasse et vivez une exp\u00e9rience culinaire unique \u00e0 Tillac.","og_url":"https:\/\/latableedetillac.fr\/","og_site_name":"La Table de Tillac","article_publisher":"https:\/\/www.facebook.com\/profile.php?id=100094270251892","article_modified_time":"2026-03-19T09:21:36+00:00","twitter_card":"summary_large_image","twitter_misc":{"Dur\u00e9e de lecture estim\u00e9e":"4 minutes"},"schema":{"@context":"https:\/\/schema.org","@graph":[{"@type":"WebPage","@id":"https:\/\/latableedetillac.fr\/","url":"https:\/\/latableedetillac.fr\/","name":"Restaurant Tillac - La tabl\u00e9e de Tillac - Accueil","isPartOf":{"@id":"https:\/\/latableedetillac.fr\/#website"},"datePublished":"2016-10-03T10:28:23+00:00","dateModified":"2026-03-19T09:21:36+00:00","description":"D\u00e9couvrez La Tabl\u00e9e de Tillac, un restaurant au c\u0153ur du Gers, proposant une cuisine cr\u00e9ative avec des produits de saison. Profitez de notre terrasse et vivez une exp\u00e9rience culinaire unique \u00e0 Tillac.","breadcrumb":{"@id":"https:\/\/latableedetillac.fr\/#breadcrumb"},"inLanguage":"fr-FR","potentialAction":[{"@type":"ReadAction","target":["https:\/\/latableedetillac.fr\/"]}]},{"@type":"BreadcrumbList","@id":"https:\/\/latableedetillac.fr\/#breadcrumb","itemListElement":[{"@type":"ListItem","position":1,"name":"Accueil","item":"https:\/\/latableedetillac.fr\/"},{"@type":"ListItem","position":2,"name":"Accueil"}]},{"@type":"WebSite","@id":"https:\/\/latableedetillac.fr\/#website","url":"https:\/\/latableedetillac.fr\/","name":"latableedetillac.fr","description":"Dans une ancienne b\u00e2tisse gersoise r\u00e9nov\u00e9e, venez d\u00e9couvrir une cuisine cr\u00e9ative, alliant des produits locaux, de saison \u00e0 une belle s\u00e9lection de vins.","publisher":{"@id":"https:\/\/latableedetillac.fr\/#organization"},"potentialAction":[{"@type":"SearchAction","target":{"@type":"EntryPoint","urlTemplate":"https:\/\/latableedetillac.fr\/?s={search_term_string}"},"query-input":{"@type":"PropertyValueSpecification","valueRequired":true,"valueName":"search_term_string"}}],"inLanguage":"fr-FR"},{"@type":"Organization","@id":"https:\/\/latableedetillac.fr\/#organization","name":"La Table de Tillac","url":"https:\/\/latableedetillac.fr\/","logo":{"@type":"ImageObject","inLanguage":"fr-FR","@id":"https:\/\/latableedetillac.fr\/#\/schema\/logo\/image\/","url":"https:\/\/latableedetillac.fr\/wp-content\/uploads\/2025\/06\/LTDT-Logo-vpanneaux-125x180.ai_.png","contentUrl":"https:\/\/latableedetillac.fr\/wp-content\/uploads\/2025\/06\/LTDT-Logo-vpanneaux-125x180.ai_.png","width":1080,"height":1080,"caption":"La Table de Tillac"},"image":{"@id":"https:\/\/latableedetillac.fr\/#\/schema\/logo\/image\/"},"sameAs":["https:\/\/www.facebook.com\/profile.php?id=100094270251892","https:\/\/www.instagram.com\/la.table.de.tillac\/"]}]}},"jetpack-related-posts":[],"jetpack_sharing_enabled":true,"_links":{"self":[{"href":"https:\/\/latableedetillac.fr\/index.php\/wp-json\/wp\/v2\/pages\/6032","targetHints":{"allow":["GET"]}}],"collection":[{"href":"https:\/\/latableedetillac.fr\/index.php\/wp-json\/wp\/v2\/pages"}],"about":[{"href":"https:\/\/latableedetillac.fr\/index.php\/wp-json\/wp\/v2\/types\/page"}],"author":[{"embeddable":true,"href":"https:\/\/latableedetillac.fr\/index.php\/wp-json\/wp\/v2\/users\/1"}],"replies":[{"embeddable":true,"href":"https:\/\/latableedetillac.fr\/index.php\/wp-json\/wp\/v2\/comments?post=6032"}],"version-history":[{"count":39,"href":"https:\/\/latableedetillac.fr\/index.php\/wp-json\/wp\/v2\/pages\/6032\/revisions"}],"predecessor-version":[{"id":9091,"href":"https:\/\/latableedetillac.fr\/index.php\/wp-json\/wp\/v2\/pages\/6032\/revisions\/9091"}],"wp:attachment":[{"href":"https:\/\/latableedetillac.fr\/index.php\/wp-json\/wp\/v2\/media?parent=6032"}],"curies":[{"name":"wp","href":"https:\/\/api.w.org\/{rel}","templated":true}]}}