{"id":3642,"date":"2016-05-04T14:11:59","date_gmt":"2016-05-04T14:11:59","guid":{"rendered":"http:\/\/savory.elated-themes.com\/?page_id=3642"},"modified":"2023-11-03T23:39:59","modified_gmt":"2023-11-03T22:39:59","slug":"ambiance","status":"publish","type":"page","link":"https:\/\/latableedetillac.fr\/index.php\/ambiance\/","title":{"rendered":"Ambiance"},"content":{"rendered":"<section class=\"wpb-content-wrapper\"><p>[vc_row][vc_column][vc_empty_space height=\u00a0\u00bb32 px\u00a0\u00bb]<div class=\"eltd-image-gallery\">\n\t<div class=\"eltd-image-gallery-grid eltd-gallery-columns-3 \" >\n\t\t\t\t\t<div class=\"eltd-gallery-image\">\n\t\t\t\t\t\t\t\t<a href=\"https:\/\/latableedetillac.fr\/wp-content\/uploads\/2023\/10\/2023-08-09-164643-DSC_5937-scaled.jpg\" data-rel=\"prettyPhoto[single_pretty_photo]\" title=\"2023-08-09-164643-DSC_5937\">\n\t\t\t\t\t\t\t\t\t\t\t\t\t\t\t\t<img loading=\"lazy\" decoding=\"async\" src=\"https:\/\/latableedetillac.fr\/wp-content\/uploads\/2023\/10\/2023-08-09-164643-DSC_5937-scaled-500x500.jpg\" alt=\"\" width=\"500\" height=\"500\" \/>\t\t\t\t\t\t\t\t\t\t\t\t\t\t<\/a>\n\t\t\t\t\t\t<\/div>\n\t\t\t\t\t<div class=\"eltd-gallery-image\">\n\t\t\t\t\t\t\t\t<a href=\"https:\/\/latableedetillac.fr\/wp-content\/uploads\/2023\/11\/2023-08-10-214326-DSC_6030-scaled.jpg\" data-rel=\"prettyPhoto[single_pretty_photo]\" title=\"2023-08-10-214326-DSC_6030\">\n\t\t\t\t\t\t\t\t\t\t\t\t\t\t\t\t<img loading=\"lazy\" decoding=\"async\" src=\"https:\/\/latableedetillac.fr\/wp-content\/uploads\/2023\/11\/2023-08-10-214326-DSC_6030-scaled-500x500.jpg\" alt=\"\" width=\"500\" height=\"500\" \/>\t\t\t\t\t\t\t\t\t\t\t\t\t\t<\/a>\n\t\t\t\t\t\t<\/div>\n\t\t\t\t\t<div class=\"eltd-gallery-image\">\n\t\t\t\t\t\t\t\t<a href=\"https:\/\/latableedetillac.fr\/wp-content\/uploads\/2023\/11\/2023-08-10-213747-DSC_6021-scaled.jpg\" data-rel=\"prettyPhoto[single_pretty_photo]\" title=\"2023-08-10-213747-DSC_6021\">\n\t\t\t\t\t\t\t\t\t\t\t\t\t\t\t\t<img loading=\"lazy\" decoding=\"async\" src=\"https:\/\/latableedetillac.fr\/wp-content\/uploads\/2023\/11\/2023-08-10-213747-DSC_6021-scaled-500x500.jpg\" alt=\"\" width=\"500\" height=\"500\" \/>\t\t\t\t\t\t\t\t\t\t\t\t\t\t<\/a>\n\t\t\t\t\t\t<\/div>\n\t\t\t\t\t<div class=\"eltd-gallery-image\">\n\t\t\t\t\t\t\t\t<a href=\"https:\/\/latableedetillac.fr\/wp-content\/uploads\/2023\/11\/2023-08-10-221721-DSC_6068-scaled.jpg\" data-rel=\"prettyPhoto[single_pretty_photo]\" title=\"2023-08-10-221721-DSC_6068\">\n\t\t\t\t\t\t\t\t\t\t\t\t\t\t\t\t<img loading=\"lazy\" decoding=\"async\" src=\"https:\/\/latableedetillac.fr\/wp-content\/uploads\/2023\/11\/2023-08-10-221721-DSC_6068-scaled-500x500.jpg\" alt=\"\" width=\"500\" height=\"500\" \/>\t\t\t\t\t\t\t\t\t\t\t\t\t\t<\/a>\n\t\t\t\t\t\t<\/div>\n\t\t\t\t\t<div class=\"eltd-gallery-image\">\n\t\t\t\t\t\t\t\t<a href=\"https:\/\/latableedetillac.fr\/wp-content\/uploads\/2023\/11\/2023-08-10-220949-DSC_6056-scaled.jpg\" data-rel=\"prettyPhoto[single_pretty_photo]\" title=\"2023-08-10-220949-DSC_6056\">\n\t\t\t\t\t\t\t\t\t\t\t\t\t\t\t\t<img loading=\"lazy\" decoding=\"async\" src=\"https:\/\/latableedetillac.fr\/wp-content\/uploads\/2023\/11\/2023-08-10-220949-DSC_6056-scaled-500x500.jpg\" alt=\"\" width=\"500\" height=\"500\" \/>\t\t\t\t\t\t\t\t\t\t\t\t\t\t<\/a>\n\t\t\t\t\t\t<\/div>\n\t\t\t\t\t<div class=\"eltd-gallery-image\">\n\t\t\t\t\t\t\t\t<a href=\"https:\/\/latableedetillac.fr\/wp-content\/uploads\/2023\/10\/2023-08-09-170054-DSC_5939-scaled.jpg\" data-rel=\"prettyPhoto[single_pretty_photo]\" title=\"2023-08-09-170054-DSC_5939\">\n\t\t\t\t\t\t\t\t\t\t\t\t\t\t\t\t<img loading=\"lazy\" decoding=\"async\" src=\"https:\/\/latableedetillac.fr\/wp-content\/uploads\/2023\/10\/2023-08-09-170054-DSC_5939-scaled-500x500.jpg\" alt=\"\" width=\"500\" height=\"500\" \/>\t\t\t\t\t\t\t\t\t\t\t\t\t\t<\/a>\n\t\t\t\t\t\t<\/div>\n\t\t\t\t\t<div class=\"eltd-gallery-image\">\n\t\t\t\t\t\t\t\t<a href=\"https:\/\/latableedetillac.fr\/wp-content\/uploads\/2023\/10\/2023-08-10-210743-DSC_5980-scaled.jpg\" data-rel=\"prettyPhoto[single_pretty_photo]\" title=\"2023-08-10-210743-DSC_5980\">\n\t\t\t\t\t\t\t\t\t\t\t\t\t\t\t\t<img loading=\"lazy\" decoding=\"async\" src=\"https:\/\/latableedetillac.fr\/wp-content\/uploads\/2023\/10\/2023-08-10-210743-DSC_5980-scaled-500x500.jpg\" alt=\"\" width=\"500\" height=\"500\" \/>\t\t\t\t\t\t\t\t\t\t\t\t\t\t<\/a>\n\t\t\t\t\t\t<\/div>\n\t\t\t\t\t<div class=\"eltd-gallery-image\">\n\t\t\t\t\t\t\t\t<a href=\"https:\/\/latableedetillac.fr\/wp-content\/uploads\/2023\/10\/2023-08-10-211009-DSC_6008-scaled-e1698862751693.jpg\" data-rel=\"prettyPhoto[single_pretty_photo]\" title=\"2023-08-10-211009-DSC_6008\">\n\t\t\t\t\t\t\t\t\t\t\t\t\t\t\t\t<img loading=\"lazy\" decoding=\"async\" src=\"https:\/\/latableedetillac.fr\/wp-content\/uploads\/2023\/10\/2023-08-10-211009-DSC_6008-scaled-e1698862751693-500x500.jpg\" alt=\"\" width=\"500\" height=\"500\" \/>\t\t\t\t\t\t\t\t\t\t\t\t\t\t<\/a>\n\t\t\t\t\t\t<\/div>\n\t\t\t\t\t<div class=\"eltd-gallery-image\">\n\t\t\t\t\t\t\t\t<a href=\"https:\/\/latableedetillac.fr\/wp-content\/uploads\/2023\/11\/2023-08-10-222013-DSC_6086-scaled.jpg\" data-rel=\"prettyPhoto[single_pretty_photo]\" title=\"2023-08-10-222013-DSC_6086\">\n\t\t\t\t\t\t\t\t\t\t\t\t\t\t\t\t<img loading=\"lazy\" decoding=\"async\" src=\"https:\/\/latableedetillac.fr\/wp-content\/uploads\/2023\/11\/2023-08-10-222013-DSC_6086-scaled-500x500.jpg\" alt=\"\" width=\"500\" height=\"500\" \/>\t\t\t\t\t\t\t\t\t\t\t\t\t\t<\/a>\n\t\t\t\t\t\t<\/div>\n\t\t\t\t\t<div class=\"eltd-gallery-image\">\n\t\t\t\t\t\t\t\t<a href=\"https:\/\/latableedetillac.fr\/wp-content\/uploads\/2023\/10\/2023-08-10-211522-DSC_6009-scaled.jpg\" data-rel=\"prettyPhoto[single_pretty_photo]\" title=\"2023-08-10-211522-DSC_6009\">\n\t\t\t\t\t\t\t\t\t\t\t\t\t\t\t\t<img loading=\"lazy\" decoding=\"async\" src=\"https:\/\/latableedetillac.fr\/wp-content\/uploads\/2023\/10\/2023-08-10-211522-DSC_6009-scaled-500x500.jpg\" alt=\"\" width=\"500\" height=\"500\" \/>\t\t\t\t\t\t\t\t\t\t\t\t\t\t<\/a>\n\t\t\t\t\t\t<\/div>\n\t\t\t\t\t<div class=\"eltd-gallery-image\">\n\t\t\t\t\t\t\t\t<a href=\"https:\/\/latableedetillac.fr\/wp-content\/uploads\/2023\/10\/2023-08-10-213612-DSC_6013-scaled.jpg\" data-rel=\"prettyPhoto[single_pretty_photo]\" title=\"2023-08-10-213612-DSC_6013\">\n\t\t\t\t\t\t\t\t\t\t\t\t\t\t\t\t<img loading=\"lazy\" decoding=\"async\" src=\"https:\/\/latableedetillac.fr\/wp-content\/uploads\/2023\/10\/2023-08-10-213612-DSC_6013-scaled-500x500.jpg\" alt=\"\" width=\"500\" height=\"500\" \/>\t\t\t\t\t\t\t\t\t\t\t\t\t\t<\/a>\n\t\t\t\t\t\t<\/div>\n\t\t\t\t\t<div class=\"eltd-gallery-image\">\n\t\t\t\t\t\t\t\t<a href=\"https:\/\/latableedetillac.fr\/wp-content\/uploads\/2023\/10\/2023-08-09-165144-DSC_5938-scaled.jpg\" data-rel=\"prettyPhoto[single_pretty_photo]\" title=\"2023-08-09-165144-DSC_5938\">\n\t\t\t\t\t\t\t\t\t\t\t\t\t\t\t\t<img loading=\"lazy\" decoding=\"async\" src=\"https:\/\/latableedetillac.fr\/wp-content\/uploads\/2023\/10\/2023-08-09-165144-DSC_5938-scaled-500x500.jpg\" alt=\"\" width=\"500\" height=\"500\" \/>\t\t\t\t\t\t\t\t\t\t\t\t\t\t<\/a>\n\t\t\t\t\t\t<\/div>\n\t\t\t\t\t<div class=\"eltd-gallery-image\">\n\t\t\t\t\t\t\t\t<a href=\"https:\/\/latableedetillac.fr\/wp-content\/uploads\/2023\/11\/2023-08-10-214502-DSC_6038-scaled.jpg\" data-rel=\"prettyPhoto[single_pretty_photo]\" title=\"2023-08-10-214502-DSC_6038\">\n\t\t\t\t\t\t\t\t\t\t\t\t\t\t\t\t<img loading=\"lazy\" decoding=\"async\" src=\"https:\/\/latableedetillac.fr\/wp-content\/uploads\/2023\/11\/2023-08-10-214502-DSC_6038-scaled-500x500.jpg\" alt=\"\" width=\"500\" height=\"500\" \/>\t\t\t\t\t\t\t\t\t\t\t\t\t\t<\/a>\n\t\t\t\t\t\t<\/div>\n\t\t\t\t\t<div class=\"eltd-gallery-image\">\n\t\t\t\t\t\t\t\t<a href=\"https:\/\/latableedetillac.fr\/wp-content\/uploads\/2023\/10\/2023-08-10-210352-DSC_5959-scaled.jpg\" data-rel=\"prettyPhoto[single_pretty_photo]\" title=\"2023-08-10-210352-DSC_5959\">\n\t\t\t\t\t\t\t\t\t\t\t\t\t\t\t\t<img loading=\"lazy\" decoding=\"async\" src=\"https:\/\/latableedetillac.fr\/wp-content\/uploads\/2023\/10\/2023-08-10-210352-DSC_5959-scaled-500x500.jpg\" alt=\"\" width=\"500\" height=\"500\" \/>\t\t\t\t\t\t\t\t\t\t\t\t\t\t<\/a>\n\t\t\t\t\t\t<\/div>\n\t\t\t\t\t<div class=\"eltd-gallery-image\">\n\t\t\t\t\t\t\t\t<a href=\"https:\/\/latableedetillac.fr\/wp-content\/uploads\/2023\/10\/2023-08-09-143711-DSC_5915-scaled.jpg\" data-rel=\"prettyPhoto[single_pretty_photo]\" title=\"2023-08-09-143711-DSC_5915\">\n\t\t\t\t\t\t\t\t\t\t\t\t\t\t\t\t<img loading=\"lazy\" decoding=\"async\" src=\"https:\/\/latableedetillac.fr\/wp-content\/uploads\/2023\/10\/2023-08-09-143711-DSC_5915-scaled-500x500.jpg\" alt=\"\" width=\"500\" height=\"500\" \/>\t\t\t\t\t\t\t\t\t\t\t\t\t\t<\/a>\n\t\t\t\t\t\t<\/div>\n\t\t\t\t\t<div class=\"eltd-gallery-image\">\n\t\t\t\t\t\t\t\t<a href=\"https:\/\/latableedetillac.fr\/wp-content\/uploads\/2023\/10\/2023-08-10-210001-DSC_5950-scaled.jpg\" data-rel=\"prettyPhoto[single_pretty_photo]\" title=\"2023-08-10-210001-DSC_5950\">\n\t\t\t\t\t\t\t\t\t\t\t\t\t\t\t\t<img loading=\"lazy\" decoding=\"async\" src=\"https:\/\/latableedetillac.fr\/wp-content\/uploads\/2023\/10\/2023-08-10-210001-DSC_5950-scaled-500x500.jpg\" alt=\"\" width=\"500\" height=\"500\" \/>\t\t\t\t\t\t\t\t\t\t\t\t\t\t<\/a>\n\t\t\t\t\t\t<\/div>\n\t\t\t\t\t<div class=\"eltd-gallery-image\">\n\t\t\t\t\t\t\t\t<a href=\"https:\/\/latableedetillac.fr\/wp-content\/uploads\/2023\/10\/2023-08-09-164511-DSC_5934-scaled.jpg\" data-rel=\"prettyPhoto[single_pretty_photo]\" title=\"2023-08-09-164511-DSC_5934\">\n\t\t\t\t\t\t\t\t\t\t\t\t\t\t\t\t<img loading=\"lazy\" decoding=\"async\" src=\"https:\/\/latableedetillac.fr\/wp-content\/uploads\/2023\/10\/2023-08-09-164511-DSC_5934-scaled-500x500.jpg\" alt=\"\" width=\"500\" height=\"500\" \/>\t\t\t\t\t\t\t\t\t\t\t\t\t\t<\/a>\n\t\t\t\t\t\t<\/div>\n\t\t\t\t\t<div class=\"eltd-gallery-image\">\n\t\t\t\t\t\t\t\t<a href=\"https:\/\/latableedetillac.fr\/wp-content\/uploads\/2023\/10\/2023-08-09-131231-DSC_5892-scaled.jpg\" data-rel=\"prettyPhoto[single_pretty_photo]\" title=\"2023-08-09-131231-DSC_5892\">\n\t\t\t\t\t\t\t\t\t\t\t\t\t\t\t\t<img loading=\"lazy\" decoding=\"async\" src=\"https:\/\/latableedetillac.fr\/wp-content\/uploads\/2023\/10\/2023-08-09-131231-DSC_5892-scaled-500x500.jpg\" alt=\"\" width=\"500\" height=\"500\" \/>\t\t\t\t\t\t\t\t\t\t\t\t\t\t<\/a>\n\t\t\t\t\t\t<\/div>\n\t\t\t\t\t<div class=\"eltd-gallery-image\">\n\t\t\t\t\t\t\t\t<a href=\"https:\/\/latableedetillac.fr\/wp-content\/uploads\/2023\/10\/2023-08-09-131254-DSC_5894-scaled.jpg\" data-rel=\"prettyPhoto[single_pretty_photo]\" title=\"2023-08-09-131254-DSC_5894\">\n\t\t\t\t\t\t\t\t\t\t\t\t\t\t\t\t<img loading=\"lazy\" decoding=\"async\" src=\"https:\/\/latableedetillac.fr\/wp-content\/uploads\/2023\/10\/2023-08-09-131254-DSC_5894-scaled-500x500.jpg\" alt=\"\" width=\"500\" height=\"500\" \/>\t\t\t\t\t\t\t\t\t\t\t\t\t\t<\/a>\n\t\t\t\t\t\t<\/div>\n\t\t\t\t\t<div class=\"eltd-gallery-image\">\n\t\t\t\t\t\t\t\t<a href=\"https:\/\/latableedetillac.fr\/wp-content\/uploads\/2023\/10\/2023-08-09-124347-DSC_5850-scaled.jpg\" data-rel=\"prettyPhoto[single_pretty_photo]\" title=\"2023-08-09-124347-DSC_5850\">\n\t\t\t\t\t\t\t\t\t\t\t\t\t\t\t\t<img loading=\"lazy\" decoding=\"async\" src=\"https:\/\/latableedetillac.fr\/wp-content\/uploads\/2023\/10\/2023-08-09-124347-DSC_5850-scaled-500x500.jpg\" alt=\"\" width=\"500\" height=\"500\" \/>\t\t\t\t\t\t\t\t\t\t\t\t\t\t<\/a>\n\t\t\t\t\t\t<\/div>\n\t\t\t\t\t<div class=\"eltd-gallery-image\">\n\t\t\t\t\t\t\t\t<a href=\"https:\/\/latableedetillac.fr\/wp-content\/uploads\/2023\/10\/2023-08-09-140907-DSC_5909-scaled.jpg\" data-rel=\"prettyPhoto[single_pretty_photo]\" title=\"2023-08-09-140907-DSC_5909\">\n\t\t\t\t\t\t\t\t\t\t\t\t\t\t\t\t<img loading=\"lazy\" decoding=\"async\" src=\"https:\/\/latableedetillac.fr\/wp-content\/uploads\/2023\/10\/2023-08-09-140907-DSC_5909-scaled-500x500.jpg\" alt=\"\" width=\"500\" height=\"500\" \/>\t\t\t\t\t\t\t\t\t\t\t\t\t\t<\/a>\n\t\t\t\t\t\t<\/div>\n\t\t\t<\/div>\n<\/div>[\/vc_column][\/vc_row]<\/p>\n<\/section>","protected":false},"excerpt":{"rendered":"<p>[vc_row][vc_column][vc_empty_space height=\u00a0\u00bb32 px\u00a0\u00bb][\/vc_column][\/vc_row]<\/p>\n","protected":false},"author":1,"featured_media":0,"parent":0,"menu_order":0,"comment_status":"closed","ping_status":"closed","template":"full-width.php","meta":{"footnotes":""},"class_list":["post-3642","page","type-page","status-publish","hentry"],"yoast_head":"<!-- This site is optimized with the Yoast SEO plugin v24.6 - https:\/\/yoast.com\/wordpress\/plugins\/seo\/ -->\n<title>Ambiance - La Table de Tillac<\/title>\n<meta name=\"robots\" content=\"index, follow, max-snippet:-1, max-image-preview:large, max-video-preview:-1\" \/>\n<link rel=\"canonical\" href=\"https:\/\/latableedetillac.fr\/index.php\/ambiance\/\" \/>\n<meta property=\"og:locale\" content=\"fr_FR\" \/>\n<meta property=\"og:type\" content=\"article\" \/>\n<meta property=\"og:title\" content=\"Ambiance - La Table de Tillac\" \/>\n<meta property=\"og:description\" content=\"[vc_row][vc_column][vc_empty_space height=\u00a0\u00bb32 px\u00a0\u00bb][\/vc_column][\/vc_row]\" \/>\n<meta property=\"og:url\" content=\"https:\/\/latableedetillac.fr\/index.php\/ambiance\/\" \/>\n<meta property=\"og:site_name\" content=\"La Table de Tillac\" \/>\n<meta property=\"article:publisher\" content=\"https:\/\/www.facebook.com\/profile.php?id=100094270251892\" \/>\n<meta property=\"article:modified_time\" content=\"2023-11-03T22:39:59+00:00\" \/>\n<meta name=\"twitter:card\" content=\"summary_large_image\" \/>\n<script type=\"application\/ld+json\" class=\"yoast-schema-graph\">{\"@context\":\"https:\/\/schema.org\",\"@graph\":[{\"@type\":\"WebPage\",\"@id\":\"https:\/\/latableedetillac.fr\/index.php\/ambiance\/\",\"url\":\"https:\/\/latableedetillac.fr\/index.php\/ambiance\/\",\"name\":\"Ambiance - La Table de Tillac\",\"isPartOf\":{\"@id\":\"https:\/\/latableedetillac.fr\/#website\"},\"datePublished\":\"2016-05-04T14:11:59+00:00\",\"dateModified\":\"2023-11-03T22:39:59+00:00\",\"breadcrumb\":{\"@id\":\"https:\/\/latableedetillac.fr\/index.php\/ambiance\/#breadcrumb\"},\"inLanguage\":\"fr-FR\",\"potentialAction\":[{\"@type\":\"ReadAction\",\"target\":[\"https:\/\/latableedetillac.fr\/index.php\/ambiance\/\"]}]},{\"@type\":\"BreadcrumbList\",\"@id\":\"https:\/\/latableedetillac.fr\/index.php\/ambiance\/#breadcrumb\",\"itemListElement\":[{\"@type\":\"ListItem\",\"position\":1,\"name\":\"Accueil\",\"item\":\"https:\/\/latableedetillac.fr\/\"},{\"@type\":\"ListItem\",\"position\":2,\"name\":\"Ambiance\"}]},{\"@type\":\"WebSite\",\"@id\":\"https:\/\/latableedetillac.fr\/#website\",\"url\":\"https:\/\/latableedetillac.fr\/\",\"name\":\"latableedetillac.fr\",\"description\":\"Dans une ancienne b\u00e2tisse gersoise r\u00e9nov\u00e9e, venez d\u00e9couvrir une cuisine cr\u00e9ative, alliant des produits locaux, de saison \u00e0 une belle s\u00e9lection de vins.\",\"publisher\":{\"@id\":\"https:\/\/latableedetillac.fr\/#organization\"},\"potentialAction\":[{\"@type\":\"SearchAction\",\"target\":{\"@type\":\"EntryPoint\",\"urlTemplate\":\"https:\/\/latableedetillac.fr\/?s={search_term_string}\"},\"query-input\":{\"@type\":\"PropertyValueSpecification\",\"valueRequired\":true,\"valueName\":\"search_term_string\"}}],\"inLanguage\":\"fr-FR\"},{\"@type\":\"Organization\",\"@id\":\"https:\/\/latableedetillac.fr\/#organization\",\"name\":\"La Table de Tillac\",\"url\":\"https:\/\/latableedetillac.fr\/\",\"logo\":{\"@type\":\"ImageObject\",\"inLanguage\":\"fr-FR\",\"@id\":\"https:\/\/latableedetillac.fr\/#\/schema\/logo\/image\/\",\"url\":\"https:\/\/latableedetillac.fr\/wp-content\/uploads\/2025\/06\/LTDT-Logo-vpanneaux-125x180.ai_.png\",\"contentUrl\":\"https:\/\/latableedetillac.fr\/wp-content\/uploads\/2025\/06\/LTDT-Logo-vpanneaux-125x180.ai_.png\",\"width\":1080,\"height\":1080,\"caption\":\"La Table de Tillac\"},\"image\":{\"@id\":\"https:\/\/latableedetillac.fr\/#\/schema\/logo\/image\/\"},\"sameAs\":[\"https:\/\/www.facebook.com\/profile.php?id=100094270251892\",\"https:\/\/www.instagram.com\/la.table.de.tillac\/\"]}]}<\/script>\n<!-- \/ Yoast SEO plugin. -->","yoast_head_json":{"title":"Ambiance - La Table de Tillac","robots":{"index":"index","follow":"follow","max-snippet":"max-snippet:-1","max-image-preview":"max-image-preview:large","max-video-preview":"max-video-preview:-1"},"canonical":"https:\/\/latableedetillac.fr\/index.php\/ambiance\/","og_locale":"fr_FR","og_type":"article","og_title":"Ambiance - La Table de Tillac","og_description":"[vc_row][vc_column][vc_empty_space height=\u00a0\u00bb32 px\u00a0\u00bb][\/vc_column][\/vc_row]","og_url":"https:\/\/latableedetillac.fr\/index.php\/ambiance\/","og_site_name":"La Table de Tillac","article_publisher":"https:\/\/www.facebook.com\/profile.php?id=100094270251892","article_modified_time":"2023-11-03T22:39:59+00:00","twitter_card":"summary_large_image","schema":{"@context":"https:\/\/schema.org","@graph":[{"@type":"WebPage","@id":"https:\/\/latableedetillac.fr\/index.php\/ambiance\/","url":"https:\/\/latableedetillac.fr\/index.php\/ambiance\/","name":"Ambiance - La Table de Tillac","isPartOf":{"@id":"https:\/\/latableedetillac.fr\/#website"},"datePublished":"2016-05-04T14:11:59+00:00","dateModified":"2023-11-03T22:39:59+00:00","breadcrumb":{"@id":"https:\/\/latableedetillac.fr\/index.php\/ambiance\/#breadcrumb"},"inLanguage":"fr-FR","potentialAction":[{"@type":"ReadAction","target":["https:\/\/latableedetillac.fr\/index.php\/ambiance\/"]}]},{"@type":"BreadcrumbList","@id":"https:\/\/latableedetillac.fr\/index.php\/ambiance\/#breadcrumb","itemListElement":[{"@type":"ListItem","position":1,"name":"Accueil","item":"https:\/\/latableedetillac.fr\/"},{"@type":"ListItem","position":2,"name":"Ambiance"}]},{"@type":"WebSite","@id":"https:\/\/latableedetillac.fr\/#website","url":"https:\/\/latableedetillac.fr\/","name":"latableedetillac.fr","description":"Dans une ancienne b\u00e2tisse gersoise r\u00e9nov\u00e9e, venez d\u00e9couvrir une cuisine cr\u00e9ative, alliant des produits locaux, de saison \u00e0 une belle s\u00e9lection de vins.","publisher":{"@id":"https:\/\/latableedetillac.fr\/#organization"},"potentialAction":[{"@type":"SearchAction","target":{"@type":"EntryPoint","urlTemplate":"https:\/\/latableedetillac.fr\/?s={search_term_string}"},"query-input":{"@type":"PropertyValueSpecification","valueRequired":true,"valueName":"search_term_string"}}],"inLanguage":"fr-FR"},{"@type":"Organization","@id":"https:\/\/latableedetillac.fr\/#organization","name":"La Table de Tillac","url":"https:\/\/latableedetillac.fr\/","logo":{"@type":"ImageObject","inLanguage":"fr-FR","@id":"https:\/\/latableedetillac.fr\/#\/schema\/logo\/image\/","url":"https:\/\/latableedetillac.fr\/wp-content\/uploads\/2025\/06\/LTDT-Logo-vpanneaux-125x180.ai_.png","contentUrl":"https:\/\/latableedetillac.fr\/wp-content\/uploads\/2025\/06\/LTDT-Logo-vpanneaux-125x180.ai_.png","width":1080,"height":1080,"caption":"La Table de Tillac"},"image":{"@id":"https:\/\/latableedetillac.fr\/#\/schema\/logo\/image\/"},"sameAs":["https:\/\/www.facebook.com\/profile.php?id=100094270251892","https:\/\/www.instagram.com\/la.table.de.tillac\/"]}]}},"jetpack-related-posts":[],"jetpack_sharing_enabled":true,"_links":{"self":[{"href":"https:\/\/latableedetillac.fr\/index.php\/wp-json\/wp\/v2\/pages\/3642","targetHints":{"allow":["GET"]}}],"collection":[{"href":"https:\/\/latableedetillac.fr\/index.php\/wp-json\/wp\/v2\/pages"}],"about":[{"href":"https:\/\/latableedetillac.fr\/index.php\/wp-json\/wp\/v2\/types\/page"}],"author":[{"embeddable":true,"href":"https:\/\/latableedetillac.fr\/index.php\/wp-json\/wp\/v2\/users\/1"}],"replies":[{"embeddable":true,"href":"https:\/\/latableedetillac.fr\/index.php\/wp-json\/wp\/v2\/comments?post=3642"}],"version-history":[{"count":23,"href":"https:\/\/latableedetillac.fr\/index.php\/wp-json\/wp\/v2\/pages\/3642\/revisions"}],"predecessor-version":[{"id":8651,"href":"https:\/\/latableedetillac.fr\/index.php\/wp-json\/wp\/v2\/pages\/3642\/revisions\/8651"}],"wp:attachment":[{"href":"https:\/\/latableedetillac.fr\/index.php\/wp-json\/wp\/v2\/media?parent=3642"}],"curies":[{"name":"wp","href":"https:\/\/api.w.org\/{rel}","templated":true}]}}