{"id":2341,"date":"2016-04-21T11:33:25","date_gmt":"2016-04-21T11:33:25","guid":{"rendered":"http:\/\/savory.elated-themes.com\/?page_id=2341"},"modified":"2016-04-21T11:33:25","modified_gmt":"2016-04-21T11:33:25","slug":"masonry-gallery","status":"publish","type":"page","link":"https:\/\/latableedetillac.fr\/index.php\/blog\/masonry-gallery\/","title":{"rendered":"Masonry Gallery"},"content":{"rendered":"","protected":false},"excerpt":{"rendered":"","protected":false},"author":1,"featured_media":0,"parent":2330,"menu_order":0,"comment_status":"closed","ping_status":"closed","template":"blog-masonry-gallery-full-width.php","meta":{"footnotes":""},"class_list":["post-2341","page","type-page","status-publish","hentry"],"yoast_head":"<!-- This site is optimized with the Yoast SEO plugin v24.6 - https:\/\/yoast.com\/wordpress\/plugins\/seo\/ -->\n<title>Masonry Gallery - La Table de Tillac<\/title>\n<meta name=\"robots\" content=\"index, follow, max-snippet:-1, max-image-preview:large, max-video-preview:-1\" \/>\n<link rel=\"canonical\" href=\"https:\/\/latableedetillac.fr\/index.php\/blog__trashed\/masonry-gallery\/\" \/>\n<meta property=\"og:locale\" content=\"fr_FR\" \/>\n<meta property=\"og:type\" content=\"article\" \/>\n<meta property=\"og:title\" content=\"Masonry Gallery - La Table de Tillac\" \/>\n<meta property=\"og:url\" content=\"https:\/\/latableedetillac.fr\/index.php\/blog__trashed\/masonry-gallery\/\" \/>\n<meta property=\"og:site_name\" content=\"La Table de Tillac\" \/>\n<meta property=\"article:publisher\" content=\"https:\/\/www.facebook.com\/profile.php?id=100094270251892\" \/>\n<meta name=\"twitter:card\" content=\"summary_large_image\" \/>\n<script type=\"application\/ld+json\" class=\"yoast-schema-graph\">{\"@context\":\"https:\/\/schema.org\",\"@graph\":[{\"@type\":\"WebPage\",\"@id\":\"https:\/\/latableedetillac.fr\/index.php\/blog__trashed\/masonry-gallery\/\",\"url\":\"https:\/\/latableedetillac.fr\/index.php\/blog__trashed\/masonry-gallery\/\",\"name\":\"Masonry Gallery - La Table de Tillac\",\"isPartOf\":{\"@id\":\"https:\/\/latableedetillac.fr\/#website\"},\"datePublished\":\"2016-04-21T11:33:25+00:00\",\"breadcrumb\":{\"@id\":\"https:\/\/latableedetillac.fr\/index.php\/blog__trashed\/masonry-gallery\/#breadcrumb\"},\"inLanguage\":\"fr-FR\",\"potentialAction\":[{\"@type\":\"ReadAction\",\"target\":[\"https:\/\/latableedetillac.fr\/index.php\/blog__trashed\/masonry-gallery\/\"]}]},{\"@type\":\"BreadcrumbList\",\"@id\":\"https:\/\/latableedetillac.fr\/index.php\/blog__trashed\/masonry-gallery\/#breadcrumb\",\"itemListElement\":[{\"@type\":\"ListItem\",\"position\":1,\"name\":\"Accueil\",\"item\":\"https:\/\/latableedetillac.fr\/\"},{\"@type\":\"ListItem\",\"position\":2,\"name\":\"Blog\",\"item\":\"https:\/\/latableedetillac.fr\/?page_id=2330\"},{\"@type\":\"ListItem\",\"position\":3,\"name\":\"Masonry Gallery\"}]},{\"@type\":\"WebSite\",\"@id\":\"https:\/\/latableedetillac.fr\/#website\",\"url\":\"https:\/\/latableedetillac.fr\/\",\"name\":\"latableedetillac.fr\",\"description\":\"Dans une ancienne b\u00e2tisse gersoise r\u00e9nov\u00e9e, venez d\u00e9couvrir une cuisine cr\u00e9ative, alliant des produits locaux, de saison \u00e0 une belle s\u00e9lection de vins.\",\"publisher\":{\"@id\":\"https:\/\/latableedetillac.fr\/#organization\"},\"potentialAction\":[{\"@type\":\"SearchAction\",\"target\":{\"@type\":\"EntryPoint\",\"urlTemplate\":\"https:\/\/latableedetillac.fr\/?s={search_term_string}\"},\"query-input\":{\"@type\":\"PropertyValueSpecification\",\"valueRequired\":true,\"valueName\":\"search_term_string\"}}],\"inLanguage\":\"fr-FR\"},{\"@type\":\"Organization\",\"@id\":\"https:\/\/latableedetillac.fr\/#organization\",\"name\":\"La Table de Tillac\",\"url\":\"https:\/\/latableedetillac.fr\/\",\"logo\":{\"@type\":\"ImageObject\",\"inLanguage\":\"fr-FR\",\"@id\":\"https:\/\/latableedetillac.fr\/#\/schema\/logo\/image\/\",\"url\":\"https:\/\/latableedetillac.fr\/wp-content\/uploads\/2025\/06\/LTDT-Logo-vpanneaux-125x180.ai_.png\",\"contentUrl\":\"https:\/\/latableedetillac.fr\/wp-content\/uploads\/2025\/06\/LTDT-Logo-vpanneaux-125x180.ai_.png\",\"width\":1080,\"height\":1080,\"caption\":\"La Table de Tillac\"},\"image\":{\"@id\":\"https:\/\/latableedetillac.fr\/#\/schema\/logo\/image\/\"},\"sameAs\":[\"https:\/\/www.facebook.com\/profile.php?id=100094270251892\",\"https:\/\/www.instagram.com\/la.table.de.tillac\/\"]}]}<\/script>\n<!-- \/ Yoast SEO plugin. -->","yoast_head_json":{"title":"Masonry Gallery - La Table de Tillac","robots":{"index":"index","follow":"follow","max-snippet":"max-snippet:-1","max-image-preview":"max-image-preview:large","max-video-preview":"max-video-preview:-1"},"canonical":"https:\/\/latableedetillac.fr\/index.php\/blog__trashed\/masonry-gallery\/","og_locale":"fr_FR","og_type":"article","og_title":"Masonry Gallery - La Table de Tillac","og_url":"https:\/\/latableedetillac.fr\/index.php\/blog__trashed\/masonry-gallery\/","og_site_name":"La Table de Tillac","article_publisher":"https:\/\/www.facebook.com\/profile.php?id=100094270251892","twitter_card":"summary_large_image","schema":{"@context":"https:\/\/schema.org","@graph":[{"@type":"WebPage","@id":"https:\/\/latableedetillac.fr\/index.php\/blog__trashed\/masonry-gallery\/","url":"https:\/\/latableedetillac.fr\/index.php\/blog__trashed\/masonry-gallery\/","name":"Masonry Gallery - La Table de Tillac","isPartOf":{"@id":"https:\/\/latableedetillac.fr\/#website"},"datePublished":"2016-04-21T11:33:25+00:00","breadcrumb":{"@id":"https:\/\/latableedetillac.fr\/index.php\/blog__trashed\/masonry-gallery\/#breadcrumb"},"inLanguage":"fr-FR","potentialAction":[{"@type":"ReadAction","target":["https:\/\/latableedetillac.fr\/index.php\/blog__trashed\/masonry-gallery\/"]}]},{"@type":"BreadcrumbList","@id":"https:\/\/latableedetillac.fr\/index.php\/blog__trashed\/masonry-gallery\/#breadcrumb","itemListElement":[{"@type":"ListItem","position":1,"name":"Accueil","item":"https:\/\/latableedetillac.fr\/"},{"@type":"ListItem","position":2,"name":"Blog","item":"https:\/\/latableedetillac.fr\/?page_id=2330"},{"@type":"ListItem","position":3,"name":"Masonry Gallery"}]},{"@type":"WebSite","@id":"https:\/\/latableedetillac.fr\/#website","url":"https:\/\/latableedetillac.fr\/","name":"latableedetillac.fr","description":"Dans une ancienne b\u00e2tisse gersoise r\u00e9nov\u00e9e, venez d\u00e9couvrir une cuisine cr\u00e9ative, alliant des produits locaux, de saison \u00e0 une belle s\u00e9lection de vins.","publisher":{"@id":"https:\/\/latableedetillac.fr\/#organization"},"potentialAction":[{"@type":"SearchAction","target":{"@type":"EntryPoint","urlTemplate":"https:\/\/latableedetillac.fr\/?s={search_term_string}"},"query-input":{"@type":"PropertyValueSpecification","valueRequired":true,"valueName":"search_term_string"}}],"inLanguage":"fr-FR"},{"@type":"Organization","@id":"https:\/\/latableedetillac.fr\/#organization","name":"La Table de Tillac","url":"https:\/\/latableedetillac.fr\/","logo":{"@type":"ImageObject","inLanguage":"fr-FR","@id":"https:\/\/latableedetillac.fr\/#\/schema\/logo\/image\/","url":"https:\/\/latableedetillac.fr\/wp-content\/uploads\/2025\/06\/LTDT-Logo-vpanneaux-125x180.ai_.png","contentUrl":"https:\/\/latableedetillac.fr\/wp-content\/uploads\/2025\/06\/LTDT-Logo-vpanneaux-125x180.ai_.png","width":1080,"height":1080,"caption":"La Table de Tillac"},"image":{"@id":"https:\/\/latableedetillac.fr\/#\/schema\/logo\/image\/"},"sameAs":["https:\/\/www.facebook.com\/profile.php?id=100094270251892","https:\/\/www.instagram.com\/la.table.de.tillac\/"]}]}},"jetpack-related-posts":[],"jetpack_sharing_enabled":true,"_links":{"self":[{"href":"https:\/\/latableedetillac.fr\/index.php\/wp-json\/wp\/v2\/pages\/2341","targetHints":{"allow":["GET"]}}],"collection":[{"href":"https:\/\/latableedetillac.fr\/index.php\/wp-json\/wp\/v2\/pages"}],"about":[{"href":"https:\/\/latableedetillac.fr\/index.php\/wp-json\/wp\/v2\/types\/page"}],"author":[{"embeddable":true,"href":"https:\/\/latableedetillac.fr\/index.php\/wp-json\/wp\/v2\/users\/1"}],"replies":[{"embeddable":true,"href":"https:\/\/latableedetillac.fr\/index.php\/wp-json\/wp\/v2\/comments?post=2341"}],"version-history":[{"count":0,"href":"https:\/\/latableedetillac.fr\/index.php\/wp-json\/wp\/v2\/pages\/2341\/revisions"}],"up":[{"embeddable":true,"href":"https:\/\/latableedetillac.fr\/index.php\/wp-json\/wp\/v2\/pages\/2330"}],"wp:attachment":[{"href":"https:\/\/latableedetillac.fr\/index.php\/wp-json\/wp\/v2\/media?parent=2341"}],"curies":[{"name":"wp","href":"https:\/\/api.w.org\/{rel}","templated":true}]}}