{"id":1611,"date":"2016-04-19T08:43:26","date_gmt":"2016-04-19T08:43:26","guid":{"rendered":"http:\/\/savory.elated-themes.com\/?page_id=1611"},"modified":"2016-04-19T08:43:26","modified_gmt":"2016-04-19T08:43:26","slug":"counters","status":"publish","type":"page","link":"https:\/\/latableedetillac.fr\/index.php\/counters\/","title":{"rendered":"Counters"},"content":{"rendered":"<section class=\"wpb-content-wrapper\"><p>[vc_row content_width=\u00a0\u00bbgrid\u00a0\u00bb content_aligment=\u00a0\u00bbcenter\u00a0\u00bb css=\u00a0\u00bb.vc_custom_1475680402917{padding-top: 90px !important;padding-bottom: 90px !important;}\u00a0\u00bb][vc_column width=\u00a0\u00bb1\/2&Prime; offset=\u00a0\u00bbvc_col-lg-3 vc_col-md-3&Prime;]<div\n\tclass=\"eltd-counter-holder center\" >\n\t\t\t<div class=\"eltd-counter-icon\" style=\"color: #606060\">\n\t\t\t<i class=\"eltd-icon-linear-icon lnr lnr-gift \" ><\/i>\t\t<\/div>\n\t\t<span\n\t\tclass=\"eltd-counter zero\" >\n\t\t392\t<\/span>\n\t<h6 class=\"eltd-counter-title\" style=\"color: #606060\">\n\t\tWinning Awards\t<\/h6>\n\t\n<\/div>[\/vc_column][vc_column width=\u00a0\u00bb1\/2&Prime; offset=\u00a0\u00bbvc_col-lg-3 vc_col-md-3&Prime;]<div\n\tclass=\"eltd-counter-holder center\" >\n\t\t\t<div class=\"eltd-counter-icon\" style=\"color: #606060\">\n\t\t\t<i class=\"eltd-icon-linear-icon lnr lnr-pie-chart \" ><\/i>\t\t<\/div>\n\t\t<span\n\t\tclass=\"eltd-counter zero\" >\n\t\t874\t<\/span>\n\t<h6 class=\"eltd-counter-title\" style=\"color: #606060\">\n\t\tAwesome Projects\t<\/h6>\n\t\n<\/div>[\/vc_column][vc_column width=\u00a0\u00bb1\/2&Prime; offset=\u00a0\u00bbvc_col-lg-3 vc_col-md-3&Prime;]<div\n\tclass=\"eltd-counter-holder center\" >\n\t\t\t<div class=\"eltd-counter-icon\" style=\"color: #606060\">\n\t\t\t<i class=\"eltd-icon-linear-icon lnr lnr-coffee-cup \" ><\/i>\t\t<\/div>\n\t\t<span\n\t\tclass=\"eltd-counter zero\" >\n\t\t3589\t<\/span>\n\t<h6 class=\"eltd-counter-title\" style=\"color: #606060\">\n\t\tCups Of Coffee\t<\/h6>\n\t\n<\/div>[\/vc_column][vc_column width=\u00a0\u00bb1\/2&Prime; offset=\u00a0\u00bbvc_col-lg-3 vc_col-md-3&Prime;]<div\n\tclass=\"eltd-counter-holder center\" >\n\t\t\t<div class=\"eltd-counter-icon\" style=\"color: #606060\">\n\t\t\t<i class=\"eltd-icon-linear-icon lnr lnr-briefcase \" ><\/i>\t\t<\/div>\n\t\t<span\n\t\tclass=\"eltd-counter zero\" >\n\t\t7896\t<\/span>\n\t<h6 class=\"eltd-counter-title\" style=\"color: #606060\">\n\t\tWorking Hours\t<\/h6>\n\t\n<\/div>[\/vc_column][\/vc_row][vc_row row_type=\u00a0\u00bbparallax\u00a0\u00bb content_width=\u00a0\u00bbgrid\u00a0\u00bb content_aligment=\u00a0\u00bbcenter\u00a0\u00bb full_screen_section_height=\u00a0\u00bbno\u00a0\u00bb parallax_background_image=\u00a0\u00bb6043&Prime; css=\u00a0\u00bb.vc_custom_1476348286907{padding-top: 90px !important;padding-bottom: 90px !important;}\u00a0\u00bb][vc_column width=\u00a0\u00bb1\/2&Prime; offset=\u00a0\u00bbvc_col-lg-3 vc_col-md-3&Prime;]<div\n\tclass=\"eltd-counter-holder center\" >\n\t\t\t<div class=\"eltd-counter-icon\" style=\"color: #ffffff\">\n\t\t\t<i class=\"eltd-icon-linear-icon lnr lnr-gift \" ><\/i>\t\t<\/div>\n\t\t<span\n\t\tclass=\"eltd-counter zero\" style=\"color: #ffffff\">\n\t\t392\t<\/span>\n\t<h6 class=\"eltd-counter-title\" style=\"color: #ffffff\">\n\t\tWinning Awards\t<\/h6>\n\t\n<\/div>[\/vc_column][vc_column width=\u00a0\u00bb1\/2&Prime; offset=\u00a0\u00bbvc_col-lg-3 vc_col-md-3&Prime;]<div\n\tclass=\"eltd-counter-holder center\" >\n\t\t\t<div class=\"eltd-counter-icon\" style=\"color: #ffffff\">\n\t\t\t<i class=\"eltd-icon-linear-icon lnr lnr-pie-chart \" ><\/i>\t\t<\/div>\n\t\t<span\n\t\tclass=\"eltd-counter zero\" style=\"color: #ffffff\">\n\t\t874\t<\/span>\n\t<h6 class=\"eltd-counter-title\" style=\"color: #ffffff\">\n\t\tAwesome Projects\t<\/h6>\n\t\n<\/div>[\/vc_column][vc_column width=\u00a0\u00bb1\/2&Prime; offset=\u00a0\u00bbvc_col-lg-3 vc_col-md-3&Prime;]<div\n\tclass=\"eltd-counter-holder center\" >\n\t\t\t<div class=\"eltd-counter-icon\" style=\"color: #ffffff\">\n\t\t\t<i class=\"eltd-icon-linear-icon lnr lnr-coffee-cup \" ><\/i>\t\t<\/div>\n\t\t<span\n\t\tclass=\"eltd-counter zero\" style=\"color: #ffffff\">\n\t\t3589\t<\/span>\n\t<h6 class=\"eltd-counter-title\" style=\"color: #ffffff\">\n\t\tCups Of Coffee\t<\/h6>\n\t\n<\/div>[\/vc_column][vc_column width=\u00a0\u00bb1\/2&Prime; offset=\u00a0\u00bbvc_col-lg-3 vc_col-md-3&Prime;]<div\n\tclass=\"eltd-counter-holder center\" >\n\t\t\t<div class=\"eltd-counter-icon\" style=\"color: #ffffff\">\n\t\t\t<i class=\"eltd-icon-linear-icon lnr lnr-briefcase \" ><\/i>\t\t<\/div>\n\t\t<span\n\t\tclass=\"eltd-counter zero\" style=\"color: #ffffff\">\n\t\t7896\t<\/span>\n\t<h6 class=\"eltd-counter-title\" style=\"color: #ffffff\">\n\t\tWorking Hours\t<\/h6>\n\t\n<\/div>[\/vc_column][\/vc_row]<\/p>\n<\/section>","protected":false},"excerpt":{"rendered":"<p>[vc_row content_width=\u00a0\u00bbgrid\u00a0\u00bb content_aligment=\u00a0\u00bbcenter\u00a0\u00bb css=\u00a0\u00bb.vc_custom_1475680402917{padding-top: 90px !important;padding-bottom: 90px !important;}\u00a0\u00bb][vc_column width=\u00a0\u00bb1\/2&Prime; offset=\u00a0\u00bbvc_col-lg-3 vc_col-md-3&Prime;][\/vc_column][vc_column width=\u00a0\u00bb1\/2&Prime; offset=\u00a0\u00bbvc_col-lg-3 vc_col-md-3&Prime;][\/vc_column][vc_column width=\u00a0\u00bb1\/2&Prime; offset=\u00a0\u00bbvc_col-lg-3 vc_col-md-3&Prime;][\/vc_column][vc_column width=\u00a0\u00bb1\/2&Prime; offset=\u00a0\u00bbvc_col-lg-3 vc_col-md-3&Prime;][\/vc_column][\/vc_row][vc_row row_type=\u00a0\u00bbparallax\u00a0\u00bb content_width=\u00a0\u00bbgrid\u00a0\u00bb content_aligment=\u00a0\u00bbcenter\u00a0\u00bb full_screen_section_height=\u00a0\u00bbno\u00a0\u00bb parallax_background_image=\u00a0\u00bb6043&Prime; css=\u00a0\u00bb.vc_custom_1476348286907{padding-top: 90px !important;padding-bottom: 90px !important;}\u00a0\u00bb][vc_column width=\u00a0\u00bb1\/2&Prime; offset=\u00a0\u00bbvc_col-lg-3 vc_col-md-3&Prime;][\/vc_column][vc_column width=\u00a0\u00bb1\/2&Prime; offset=\u00a0\u00bbvc_col-lg-3 vc_col-md-3&Prime;][\/vc_column][vc_column width=\u00a0\u00bb1\/2&Prime; offset=\u00a0\u00bbvc_col-lg-3 vc_col-md-3&Prime;][\/vc_column][vc_column width=\u00a0\u00bb1\/2&Prime; offset=\u00a0\u00bbvc_col-lg-3 vc_col-md-3&Prime;][\/vc_column][\/vc_row]<\/p>\n","protected":false},"author":1,"featured_media":0,"parent":0,"menu_order":0,"comment_status":"closed","ping_status":"closed","template":"full-width.php","meta":{"footnotes":""},"class_list":["post-1611","page","type-page","status-publish","hentry"],"yoast_head":"<!-- This site is optimized with the Yoast SEO plugin v24.6 - https:\/\/yoast.com\/wordpress\/plugins\/seo\/ -->\n<title>Counters - La Table de Tillac<\/title>\n<meta name=\"robots\" content=\"index, follow, max-snippet:-1, max-image-preview:large, max-video-preview:-1\" \/>\n<link rel=\"canonical\" href=\"https:\/\/latableedetillac.fr\/index.php\/counters\/\" \/>\n<meta property=\"og:locale\" content=\"fr_FR\" \/>\n<meta property=\"og:type\" content=\"article\" \/>\n<meta property=\"og:title\" content=\"Counters - La Table de Tillac\" \/>\n<meta property=\"og:description\" content=\"[vc_row content_width=\u00a0\u00bbgrid\u00a0\u00bb content_aligment=\u00a0\u00bbcenter\u00a0\u00bb css=\u00a0\u00bb.vc_custom_1475680402917{padding-top: 90px !important;padding-bottom: 90px !important;}\u00a0\u00bb][vc_column width=\u00a0\u00bb1\/2&Prime; offset=\u00a0\u00bbvc_col-lg-3 vc_col-md-3&Prime;][\/vc_column][vc_column width=\u00a0\u00bb1\/2&Prime; offset=\u00a0\u00bbvc_col-lg-3 vc_col-md-3&Prime;][\/vc_column][vc_column width=\u00a0\u00bb1\/2&Prime; offset=\u00a0\u00bbvc_col-lg-3 vc_col-md-3&Prime;][\/vc_column][vc_column width=\u00a0\u00bb1\/2&Prime; offset=\u00a0\u00bbvc_col-lg-3 vc_col-md-3&Prime;][\/vc_column][\/vc_row][vc_row row_type=\u00a0\u00bbparallax\u00a0\u00bb content_width=\u00a0\u00bbgrid\u00a0\u00bb content_aligment=\u00a0\u00bbcenter\u00a0\u00bb full_screen_section_height=\u00a0\u00bbno\u00a0\u00bb parallax_background_image=\u00a0\u00bb6043&Prime; css=\u00a0\u00bb.vc_custom_1476348286907{padding-top: 90px !important;padding-bottom: 90px !important;}\u00a0\u00bb][vc_column width=\u00a0\u00bb1\/2&Prime; offset=\u00a0\u00bbvc_col-lg-3 vc_col-md-3&Prime;][\/vc_column][vc_column width=\u00a0\u00bb1\/2&Prime; offset=\u00a0\u00bbvc_col-lg-3 vc_col-md-3&Prime;][\/vc_column][vc_column width=\u00a0\u00bb1\/2&Prime; offset=\u00a0\u00bbvc_col-lg-3 vc_col-md-3&Prime;][\/vc_column][vc_column width=\u00a0\u00bb1\/2&Prime; offset=\u00a0\u00bbvc_col-lg-3 vc_col-md-3&Prime;][\/vc_column][\/vc_row]\" \/>\n<meta property=\"og:url\" content=\"https:\/\/latableedetillac.fr\/index.php\/counters\/\" \/>\n<meta property=\"og:site_name\" content=\"La Table de Tillac\" \/>\n<meta property=\"article:publisher\" content=\"https:\/\/www.facebook.com\/profile.php?id=100094270251892\" \/>\n<meta name=\"twitter:card\" content=\"summary_large_image\" \/>\n<meta name=\"twitter:label1\" content=\"Dur\u00e9e de lecture estim\u00e9e\" \/>\n\t<meta name=\"twitter:data1\" content=\"2 minutes\" \/>\n<script type=\"application\/ld+json\" class=\"yoast-schema-graph\">{\"@context\":\"https:\/\/schema.org\",\"@graph\":[{\"@type\":\"WebPage\",\"@id\":\"https:\/\/latableedetillac.fr\/index.php\/counters\/\",\"url\":\"https:\/\/latableedetillac.fr\/index.php\/counters\/\",\"name\":\"Counters - La Table de Tillac\",\"isPartOf\":{\"@id\":\"https:\/\/latableedetillac.fr\/#website\"},\"datePublished\":\"2016-04-19T08:43:26+00:00\",\"breadcrumb\":{\"@id\":\"https:\/\/latableedetillac.fr\/index.php\/counters\/#breadcrumb\"},\"inLanguage\":\"fr-FR\",\"potentialAction\":[{\"@type\":\"ReadAction\",\"target\":[\"https:\/\/latableedetillac.fr\/index.php\/counters\/\"]}]},{\"@type\":\"BreadcrumbList\",\"@id\":\"https:\/\/latableedetillac.fr\/index.php\/counters\/#breadcrumb\",\"itemListElement\":[{\"@type\":\"ListItem\",\"position\":1,\"name\":\"Accueil\",\"item\":\"https:\/\/latableedetillac.fr\/\"},{\"@type\":\"ListItem\",\"position\":2,\"name\":\"Counters\"}]},{\"@type\":\"WebSite\",\"@id\":\"https:\/\/latableedetillac.fr\/#website\",\"url\":\"https:\/\/latableedetillac.fr\/\",\"name\":\"latableedetillac.fr\",\"description\":\"Dans une ancienne b\u00e2tisse gersoise r\u00e9nov\u00e9e, venez d\u00e9couvrir une cuisine cr\u00e9ative, alliant des produits locaux, de saison \u00e0 une belle s\u00e9lection de vins.\",\"publisher\":{\"@id\":\"https:\/\/latableedetillac.fr\/#organization\"},\"potentialAction\":[{\"@type\":\"SearchAction\",\"target\":{\"@type\":\"EntryPoint\",\"urlTemplate\":\"https:\/\/latableedetillac.fr\/?s={search_term_string}\"},\"query-input\":{\"@type\":\"PropertyValueSpecification\",\"valueRequired\":true,\"valueName\":\"search_term_string\"}}],\"inLanguage\":\"fr-FR\"},{\"@type\":\"Organization\",\"@id\":\"https:\/\/latableedetillac.fr\/#organization\",\"name\":\"La Table de Tillac\",\"url\":\"https:\/\/latableedetillac.fr\/\",\"logo\":{\"@type\":\"ImageObject\",\"inLanguage\":\"fr-FR\",\"@id\":\"https:\/\/latableedetillac.fr\/#\/schema\/logo\/image\/\",\"url\":\"https:\/\/latableedetillac.fr\/wp-content\/uploads\/2025\/06\/LTDT-Logo-vpanneaux-125x180.ai_.png\",\"contentUrl\":\"https:\/\/latableedetillac.fr\/wp-content\/uploads\/2025\/06\/LTDT-Logo-vpanneaux-125x180.ai_.png\",\"width\":1080,\"height\":1080,\"caption\":\"La Table de Tillac\"},\"image\":{\"@id\":\"https:\/\/latableedetillac.fr\/#\/schema\/logo\/image\/\"},\"sameAs\":[\"https:\/\/www.facebook.com\/profile.php?id=100094270251892\",\"https:\/\/www.instagram.com\/la.table.de.tillac\/\"]}]}<\/script>\n<!-- \/ Yoast SEO plugin. -->","yoast_head_json":{"title":"Counters - La Table de Tillac","robots":{"index":"index","follow":"follow","max-snippet":"max-snippet:-1","max-image-preview":"max-image-preview:large","max-video-preview":"max-video-preview:-1"},"canonical":"https:\/\/latableedetillac.fr\/index.php\/counters\/","og_locale":"fr_FR","og_type":"article","og_title":"Counters - La Table de Tillac","og_description":"[vc_row content_width=\u00a0\u00bbgrid\u00a0\u00bb content_aligment=\u00a0\u00bbcenter\u00a0\u00bb css=\u00a0\u00bb.vc_custom_1475680402917{padding-top: 90px !important;padding-bottom: 90px !important;}\u00a0\u00bb][vc_column width=\u00a0\u00bb1\/2&Prime; offset=\u00a0\u00bbvc_col-lg-3 vc_col-md-3&Prime;][\/vc_column][vc_column width=\u00a0\u00bb1\/2&Prime; offset=\u00a0\u00bbvc_col-lg-3 vc_col-md-3&Prime;][\/vc_column][vc_column width=\u00a0\u00bb1\/2&Prime; offset=\u00a0\u00bbvc_col-lg-3 vc_col-md-3&Prime;][\/vc_column][vc_column width=\u00a0\u00bb1\/2&Prime; offset=\u00a0\u00bbvc_col-lg-3 vc_col-md-3&Prime;][\/vc_column][\/vc_row][vc_row row_type=\u00a0\u00bbparallax\u00a0\u00bb content_width=\u00a0\u00bbgrid\u00a0\u00bb content_aligment=\u00a0\u00bbcenter\u00a0\u00bb full_screen_section_height=\u00a0\u00bbno\u00a0\u00bb parallax_background_image=\u00a0\u00bb6043&Prime; css=\u00a0\u00bb.vc_custom_1476348286907{padding-top: 90px !important;padding-bottom: 90px !important;}\u00a0\u00bb][vc_column width=\u00a0\u00bb1\/2&Prime; offset=\u00a0\u00bbvc_col-lg-3 vc_col-md-3&Prime;][\/vc_column][vc_column width=\u00a0\u00bb1\/2&Prime; offset=\u00a0\u00bbvc_col-lg-3 vc_col-md-3&Prime;][\/vc_column][vc_column width=\u00a0\u00bb1\/2&Prime; offset=\u00a0\u00bbvc_col-lg-3 vc_col-md-3&Prime;][\/vc_column][vc_column width=\u00a0\u00bb1\/2&Prime; offset=\u00a0\u00bbvc_col-lg-3 vc_col-md-3&Prime;][\/vc_column][\/vc_row]","og_url":"https:\/\/latableedetillac.fr\/index.php\/counters\/","og_site_name":"La Table de Tillac","article_publisher":"https:\/\/www.facebook.com\/profile.php?id=100094270251892","twitter_card":"summary_large_image","twitter_misc":{"Dur\u00e9e de lecture estim\u00e9e":"2 minutes"},"schema":{"@context":"https:\/\/schema.org","@graph":[{"@type":"WebPage","@id":"https:\/\/latableedetillac.fr\/index.php\/counters\/","url":"https:\/\/latableedetillac.fr\/index.php\/counters\/","name":"Counters - La Table de Tillac","isPartOf":{"@id":"https:\/\/latableedetillac.fr\/#website"},"datePublished":"2016-04-19T08:43:26+00:00","breadcrumb":{"@id":"https:\/\/latableedetillac.fr\/index.php\/counters\/#breadcrumb"},"inLanguage":"fr-FR","potentialAction":[{"@type":"ReadAction","target":["https:\/\/latableedetillac.fr\/index.php\/counters\/"]}]},{"@type":"BreadcrumbList","@id":"https:\/\/latableedetillac.fr\/index.php\/counters\/#breadcrumb","itemListElement":[{"@type":"ListItem","position":1,"name":"Accueil","item":"https:\/\/latableedetillac.fr\/"},{"@type":"ListItem","position":2,"name":"Counters"}]},{"@type":"WebSite","@id":"https:\/\/latableedetillac.fr\/#website","url":"https:\/\/latableedetillac.fr\/","name":"latableedetillac.fr","description":"Dans une ancienne b\u00e2tisse gersoise r\u00e9nov\u00e9e, venez d\u00e9couvrir une cuisine cr\u00e9ative, alliant des produits locaux, de saison \u00e0 une belle s\u00e9lection de vins.","publisher":{"@id":"https:\/\/latableedetillac.fr\/#organization"},"potentialAction":[{"@type":"SearchAction","target":{"@type":"EntryPoint","urlTemplate":"https:\/\/latableedetillac.fr\/?s={search_term_string}"},"query-input":{"@type":"PropertyValueSpecification","valueRequired":true,"valueName":"search_term_string"}}],"inLanguage":"fr-FR"},{"@type":"Organization","@id":"https:\/\/latableedetillac.fr\/#organization","name":"La Table de Tillac","url":"https:\/\/latableedetillac.fr\/","logo":{"@type":"ImageObject","inLanguage":"fr-FR","@id":"https:\/\/latableedetillac.fr\/#\/schema\/logo\/image\/","url":"https:\/\/latableedetillac.fr\/wp-content\/uploads\/2025\/06\/LTDT-Logo-vpanneaux-125x180.ai_.png","contentUrl":"https:\/\/latableedetillac.fr\/wp-content\/uploads\/2025\/06\/LTDT-Logo-vpanneaux-125x180.ai_.png","width":1080,"height":1080,"caption":"La Table de Tillac"},"image":{"@id":"https:\/\/latableedetillac.fr\/#\/schema\/logo\/image\/"},"sameAs":["https:\/\/www.facebook.com\/profile.php?id=100094270251892","https:\/\/www.instagram.com\/la.table.de.tillac\/"]}]}},"jetpack-related-posts":[],"jetpack_sharing_enabled":true,"_links":{"self":[{"href":"https:\/\/latableedetillac.fr\/index.php\/wp-json\/wp\/v2\/pages\/1611","targetHints":{"allow":["GET"]}}],"collection":[{"href":"https:\/\/latableedetillac.fr\/index.php\/wp-json\/wp\/v2\/pages"}],"about":[{"href":"https:\/\/latableedetillac.fr\/index.php\/wp-json\/wp\/v2\/types\/page"}],"author":[{"embeddable":true,"href":"https:\/\/latableedetillac.fr\/index.php\/wp-json\/wp\/v2\/users\/1"}],"replies":[{"embeddable":true,"href":"https:\/\/latableedetillac.fr\/index.php\/wp-json\/wp\/v2\/comments?post=1611"}],"version-history":[{"count":0,"href":"https:\/\/latableedetillac.fr\/index.php\/wp-json\/wp\/v2\/pages\/1611\/revisions"}],"wp:attachment":[{"href":"https:\/\/latableedetillac.fr\/index.php\/wp-json\/wp\/v2\/media?parent=1611"}],"curies":[{"name":"wp","href":"https:\/\/api.w.org\/{rel}","templated":true}]}}